{"id":1435,"date":"2020-10-27T18:31:13","date_gmt":"2020-10-27T21:31:13","guid":{"rendered":"http:\/\/ferrovelhobatista.com.br\/index.php\/frota-2\/"},"modified":"2021-11-16T12:43:32","modified_gmt":"2021-11-16T15:43:32","slug":"consciencia-social","status":"publish","type":"page","link":"https:\/\/ferrovelhobatista.com.br\/index.php\/consciencia-social\/","title":{"rendered":"Ecol\u00f3gico"},"content":{"rendered":"\t\t<div data-elementor-type=\"wp-page\" data-elementor-id=\"1435\" class=\"elementor elementor-1435\" data-elementor-settings=\"[]\">\n\t\t\t\t\t\t\t<div class=\"elementor-section-wrap\">\n\t\t\t\t\t\t\t<section class=\"elementor-section elementor-top-section elementor-element elementor-element-447bb11 elementor-section-height-min-height elementor-section-items-bottom elementor-section-boxed elementor-section-height-default\" data-id=\"447bb11\" data-element_type=\"section\" data-settings=\"{&quot;background_background&quot;:&quot;classic&quot;}\">\n\t\t\t\t\t\t\t<div class=\"elementor-background-overlay\"><\/div>\n\t\t\t\t\t\t\t<div class=\"elementor-container elementor-column-gap-default\">\n\t\t\t\t\t<div class=\"elementor-column elementor-col-100 elementor-top-column elementor-element elementor-element-01b2a2e\" data-id=\"01b2a2e\" data-element_type=\"column\">\n\t\t\t<div class=\"elementor-widget-wrap elementor-element-populated\">\n\t\t\t\t\t\t\t\t<div class=\"elementor-element elementor-element-5cf34b4 elementor-widget elementor-widget-heading\" data-id=\"5cf34b4\" data-element_type=\"widget\" data-widget_type=\"heading.default\">\n\t\t\t\t<div class=\"elementor-widget-container\">\n\t\t\t<h2 class=\"elementor-heading-title elementor-size-default\">Consci\u00eancia Social<\/h2>\t\t<\/div>\n\t\t\t\t<\/div>\n\t\t\t\t\t<\/div>\n\t\t<\/div>\n\t\t\t\t\t\t\t<\/div>\n\t\t<\/section>\n\t\t\t\t<section class=\"elementor-section elementor-top-section elementor-element elementor-element-65722ab elementor-section-boxed elementor-section-height-default elementor-section-height-default\" data-id=\"65722ab\" data-element_type=\"section\">\n\t\t\t\t\t\t<div class=\"elementor-container elementor-column-gap-default\">\n\t\t\t\t\t<div class=\"elementor-column elementor-col-33 elementor-top-column elementor-element elementor-element-ebf9248\" data-id=\"ebf9248\" data-element_type=\"column\">\n\t\t\t<div class=\"elementor-widget-wrap elementor-element-populated\">\n\t\t\t\t\t\t\t\t<div class=\"elementor-element elementor-element-b3bb26c elementor-widget elementor-widget-image\" data-id=\"b3bb26c\" data-element_type=\"widget\" data-widget_type=\"image.default\">\n\t\t\t\t<div class=\"elementor-widget-container\">\n\t\t\t\t\t\t\t\t\t\t\t\t\t\t\t<img loading=\"lazy\" decoding=\"async\" width=\"626\" height=\"504\" src=\"https:\/\/ferrovelhobatista.com.br\/wp-content\/uploads\/2021\/11\/ferro_velho_batista_ecologico_1.jpg\" class=\"attachment-large size-large\" alt=\"\" srcset=\"https:\/\/ferrovelhobatista.com.br\/wp-content\/uploads\/2021\/11\/ferro_velho_batista_ecologico_1.jpg 626w, https:\/\/ferrovelhobatista.com.br\/wp-content\/uploads\/2021\/11\/ferro_velho_batista_ecologico_1-300x242.jpg 300w\" sizes=\"auto, (max-width: 626px) 100vw, 626px\" \/>\t\t\t\t\t\t\t\t\t\t\t\t\t\t\t<\/div>\n\t\t\t\t<\/div>\n\t\t\t\t\t<\/div>\n\t\t<\/div>\n\t\t\t\t<div class=\"elementor-column elementor-col-33 elementor-top-column elementor-element elementor-element-e7644cd\" data-id=\"e7644cd\" data-element_type=\"column\">\n\t\t\t<div class=\"elementor-widget-wrap elementor-element-populated\">\n\t\t\t\t\t\t\t\t<div class=\"elementor-element elementor-element-786c87d elementor-widget elementor-widget-image\" data-id=\"786c87d\" data-element_type=\"widget\" data-widget_type=\"image.default\">\n\t\t\t\t<div class=\"elementor-widget-container\">\n\t\t\t\t\t\t\t\t\t\t\t\t\t\t\t<img loading=\"lazy\" decoding=\"async\" width=\"626\" height=\"504\" src=\"https:\/\/ferrovelhobatista.com.br\/wp-content\/uploads\/2021\/11\/ferro_velho_batista_ecologico_2.jpg\" class=\"attachment-large size-large\" alt=\"\" srcset=\"https:\/\/ferrovelhobatista.com.br\/wp-content\/uploads\/2021\/11\/ferro_velho_batista_ecologico_2.jpg 626w, https:\/\/ferrovelhobatista.com.br\/wp-content\/uploads\/2021\/11\/ferro_velho_batista_ecologico_2-300x242.jpg 300w\" sizes=\"auto, (max-width: 626px) 100vw, 626px\" \/>\t\t\t\t\t\t\t\t\t\t\t\t\t\t\t<\/div>\n\t\t\t\t<\/div>\n\t\t\t\t\t<\/div>\n\t\t<\/div>\n\t\t\t\t<div class=\"elementor-column elementor-col-33 elementor-top-column elementor-element elementor-element-97198b3\" data-id=\"97198b3\" data-element_type=\"column\">\n\t\t\t<div class=\"elementor-widget-wrap elementor-element-populated\">\n\t\t\t\t\t\t\t\t<div class=\"elementor-element elementor-element-e3cf305 elementor-widget elementor-widget-image\" data-id=\"e3cf305\" data-element_type=\"widget\" data-widget_type=\"image.default\">\n\t\t\t\t<div class=\"elementor-widget-container\">\n\t\t\t\t\t\t\t\t\t\t\t\t\t\t\t<img loading=\"lazy\" decoding=\"async\" width=\"626\" height=\"504\" src=\"https:\/\/ferrovelhobatista.com.br\/wp-content\/uploads\/2021\/11\/ferro_velho_batista_ecologico_3.jpg\" class=\"attachment-large size-large\" alt=\"\" srcset=\"https:\/\/ferrovelhobatista.com.br\/wp-content\/uploads\/2021\/11\/ferro_velho_batista_ecologico_3.jpg 626w, https:\/\/ferrovelhobatista.com.br\/wp-content\/uploads\/2021\/11\/ferro_velho_batista_ecologico_3-300x242.jpg 300w\" sizes=\"auto, (max-width: 626px) 100vw, 626px\" \/>\t\t\t\t\t\t\t\t\t\t\t\t\t\t\t<\/div>\n\t\t\t\t<\/div>\n\t\t\t\t\t<\/div>\n\t\t<\/div>\n\t\t\t\t\t\t\t<\/div>\n\t\t<\/section>\n\t\t\t\t<section class=\"elementor-section elementor-top-section elementor-element elementor-element-800b11e elementor-section-boxed elementor-section-height-default elementor-section-height-default\" data-id=\"800b11e\" data-element_type=\"section\">\n\t\t\t\t\t\t<div class=\"elementor-container elementor-column-gap-default\">\n\t\t\t\t\t<div class=\"elementor-column elementor-col-100 elementor-top-column elementor-element elementor-element-e0ade7e\" data-id=\"e0ade7e\" data-element_type=\"column\">\n\t\t\t<div class=\"elementor-widget-wrap elementor-element-populated\">\n\t\t\t\t\t\t\t\t<div class=\"elementor-element elementor-element-e784853 elementor-widget elementor-widget-heading\" data-id=\"e784853\" data-element_type=\"widget\" data-widget_type=\"heading.default\">\n\t\t\t\t<div class=\"elementor-widget-container\">\n\t\t\t<h2 class=\"elementor-heading-title elementor-size-default\">Fa\u00e7a sua parte e todos ganham<\/h2>\t\t<\/div>\n\t\t\t\t<\/div>\n\t\t\t\t<div class=\"elementor-element elementor-element-9f8dcac elementor-widget elementor-widget-text-editor\" data-id=\"9f8dcac\" data-element_type=\"widget\" data-widget_type=\"text-editor.default\">\n\t\t\t\t<div class=\"elementor-widget-container\">\n\t\t\t\t\t\t\t<p><strong>Meio Ambiente<\/strong><br \/>A atividade de recupera\u00e7\u00e3o de materiais secund\u00e1rios e gera\u00e7\u00e3o de subprodutos tem uma import\u00e2ncia enorme, principalmente quando se fala em aproveitamento sustent\u00e1vel e controle no desperd\u00edcio de mat\u00e9rias e energias.<\/p><p>principalmente nos pa\u00edses mais desenvolvidos, devido a preocupa\u00e7\u00e3o com o fato de se tratar de energias n\u00e3o renov\u00e1veis e suas respectivas utiliza\u00e7\u00f5es, ao aceleramento da exaust\u00e3o das reservas de boa parte dos min\u00e9rios e por uma constante preocupa\u00e7\u00e3o com a preserva\u00e7\u00e3o do meio ambiente.<\/p><p>A escassez futura de diversas mat\u00e9rias-primas b\u00e1sicas, de ampla utiliza\u00e7\u00e3o nos dias atuais, pode ser facilmente diagnosticada, atrav\u00e9s de estimativas confi\u00e1veis sobre o esgotamento de reserva de muitos minerais.<\/p><p>Somente com a mudan\u00e7a dos perfis de consumo ou com a reciclagem acelerada de sucata das mais diversas proced\u00eancias, ser\u00e1 poss\u00edvel retardar a tend\u00eancia de forma favor\u00e1vel.<\/p><p>Pois quando falamos de reciclagem, a primeira imagem que vem a nossas mentes, s\u00e3o de donas de casa separando as embalagens pl\u00e1sticas do resto do lixo org\u00e2nico.<\/p><p>Mas essa \u00e9 s\u00f3 a ponta do iceberg, de nada adianta o trabalho de formiguinha das esfor\u00e7adas donas de casa, se depois disso os setores industriais, de com\u00e9rcio e de servi\u00e7os n\u00e3o fizerem seu papel de recolhimento, separa\u00e7\u00e3o e destino desses materiais.<\/p><p>Um bom sistema de gest\u00e3o de res\u00edduos \u00e9 o que o Ferro Velho Batista oferece, para separa\u00e7\u00e3o e destino de materiais altamente tidos como recicl\u00e1veis.<br \/>Um bom exemplo \u00e9 o pl\u00e1stico de v\u00e1rias embalagens, que se n\u00e3o corretamente descartado, tem um per\u00edodo de decomposi\u00e7\u00e3o de aproximadamente 400 anos no solo.<\/p><p>J\u00e1 o bom encaminhamento de papeis e papel\u00f5es, tem sua import\u00e2ncia redobrada, visto que seu reaproveitamento reciclado, diminui drasticamente a derrubada de mais arvores, impactando muito menos nosso planeta.<\/p><p>Vidros e metais, s\u00e3o tidos como os mais cotados as reaproveit\u00e1veis, visto que mesmo em peda\u00e7os os vidros podem ser reutilizados na ind\u00fastria vidraceira, entretanto a grande quest\u00e3o \u00e9 justamente como transportar esses materiais at\u00e9 seu destino. O ferro Velho Batista conta com uma frota adequada e totalmente adaptada aos mais diversos tipos de transporte de produtos recicl\u00e1veis.<\/p><p>Portanto n\u00e3o perca mais tempo, e entre em contato conosco para remo\u00e7\u00e3o e transporte de seus recicl\u00e1veis.<\/p>\t\t\t\t\t\t<\/div>\n\t\t\t\t<\/div>\n\t\t\t\t\t<\/div>\n\t\t<\/div>\n\t\t\t\t\t\t\t<\/div>\n\t\t<\/section>\n\t\t\t\t\t\t<\/div>\n\t\t\t\t\t<\/div>\n\t\t","protected":false},"excerpt":{"rendered":"<p>Consci\u00eancia Social Fa\u00e7a sua parte e todos ganham Meio AmbienteA atividade de recupera\u00e7\u00e3o de materiais secund\u00e1rios e gera\u00e7\u00e3o de subprodutos tem uma import\u00e2ncia enorme, principalmente quando se fala em aproveitamento sustent\u00e1vel e controle no desperd\u00edcio de mat\u00e9rias e energias. principalmente nos pa\u00edses mais desenvolvidos, devido a preocupa\u00e7\u00e3o com o fato de se tratar de energias&#8230;<\/p>\n","protected":false},"author":1,"featured_media":0,"parent":0,"menu_order":0,"comment_status":"closed","ping_status":"closed","template":"","meta":{"om_disable_all_campaigns":false,"_monsterinsights_skip_tracking":false,"_monsterinsights_sitenote_active":false,"_monsterinsights_sitenote_note":"","_monsterinsights_sitenote_category":0,"kt_blocks_editor_width":"","_kad_post_transparent":"","_kad_post_title":"hide","_kad_post_layout":"fullwidth","_kad_post_sidebar_id":"","_kad_post_content_style":"unboxed","_kad_post_vertical_padding":"hide","_kad_post_feature":"hide","_kad_post_feature_position":"","_kad_post_header":false,"_kad_post_footer":false,"footnotes":""},"class_list":["post-1435","page","type-page","status-publish","hentry"],"_links":{"self":[{"href":"https:\/\/ferrovelhobatista.com.br\/index.php\/wp-json\/wp\/v2\/pages\/1435","targetHints":{"allow":["GET"]}}],"collection":[{"href":"https:\/\/ferrovelhobatista.com.br\/index.php\/wp-json\/wp\/v2\/pages"}],"about":[{"href":"https:\/\/ferrovelhobatista.com.br\/index.php\/wp-json\/wp\/v2\/types\/page"}],"author":[{"embeddable":true,"href":"https:\/\/ferrovelhobatista.com.br\/index.php\/wp-json\/wp\/v2\/users\/1"}],"replies":[{"embeddable":true,"href":"https:\/\/ferrovelhobatista.com.br\/index.php\/wp-json\/wp\/v2\/comments?post=1435"}],"version-history":[{"count":7,"href":"https:\/\/ferrovelhobatista.com.br\/index.php\/wp-json\/wp\/v2\/pages\/1435\/revisions"}],"predecessor-version":[{"id":1497,"href":"https:\/\/ferrovelhobatista.com.br\/index.php\/wp-json\/wp\/v2\/pages\/1435\/revisions\/1497"}],"wp:attachment":[{"href":"https:\/\/ferrovelhobatista.com.br\/index.php\/wp-json\/wp\/v2\/media?parent=1435"}],"curies":[{"name":"wp","href":"https:\/\/api.w.org\/{rel}","templated":true}]}}