{"id":1452,"date":"2020-10-26T11:38:49","date_gmt":"2020-10-26T14:38:49","guid":{"rendered":"http:\/\/ferrovelhobatista.com.br\/index.php\/quem-somos-2\/"},"modified":"2021-11-16T12:46:31","modified_gmt":"2021-11-16T15:46:31","slug":"trabalhos","status":"publish","type":"page","link":"https:\/\/ferrovelhobatista.com.br\/index.php\/trabalhos\/","title":{"rendered":"Nossos Trabalhos"},"content":{"rendered":"\t\t<div data-elementor-type=\"wp-page\" data-elementor-id=\"1452\" class=\"elementor elementor-1452\" data-elementor-settings=\"[]\">\n\t\t\t\t\t\t\t<div class=\"elementor-section-wrap\">\n\t\t\t\t\t\t\t<section class=\"elementor-section elementor-top-section elementor-element elementor-element-447bb11 elementor-section-height-min-height elementor-section-boxed elementor-section-height-default elementor-section-items-middle\" data-id=\"447bb11\" data-element_type=\"section\" data-settings=\"{&quot;background_background&quot;:&quot;classic&quot;}\">\n\t\t\t\t\t\t\t<div class=\"elementor-background-overlay\"><\/div>\n\t\t\t\t\t\t\t<div class=\"elementor-container elementor-column-gap-default\">\n\t\t\t\t\t<div class=\"elementor-column elementor-col-100 elementor-top-column elementor-element elementor-element-01b2a2e\" data-id=\"01b2a2e\" data-element_type=\"column\">\n\t\t\t<div class=\"elementor-widget-wrap elementor-element-populated\">\n\t\t\t\t\t\t\t\t<div class=\"elementor-element elementor-element-5cf34b4 elementor-widget elementor-widget-heading\" data-id=\"5cf34b4\" data-element_type=\"widget\" data-widget_type=\"heading.default\">\n\t\t\t\t<div class=\"elementor-widget-container\">\n\t\t\t<h2 class=\"elementor-heading-title elementor-size-default\">Nossos trabalhos<\/h2>\t\t<\/div>\n\t\t\t\t<\/div>\n\t\t\t\t\t<\/div>\n\t\t<\/div>\n\t\t\t\t\t\t\t<\/div>\n\t\t<\/section>\n\t\t\t\t<section class=\"elementor-section elementor-top-section elementor-element elementor-element-b3021c3 elementor-section-boxed elementor-section-height-default elementor-section-height-default\" data-id=\"b3021c3\" data-element_type=\"section\">\n\t\t\t\t\t\t<div class=\"elementor-container elementor-column-gap-default\">\n\t\t\t\t\t<div class=\"elementor-column elementor-col-100 elementor-top-column elementor-element elementor-element-d4bc66c\" data-id=\"d4bc66c\" data-element_type=\"column\">\n\t\t\t<div class=\"elementor-widget-wrap elementor-element-populated\">\n\t\t\t\t\t\t\t\t<div class=\"elementor-element elementor-element-de3e326 elementor-widget-divider--view-line elementor-widget elementor-widget-divider\" data-id=\"de3e326\" data-element_type=\"widget\" data-widget_type=\"divider.default\">\n\t\t\t\t<div class=\"elementor-widget-container\">\n\t\t\t\t\t<div class=\"elementor-divider\">\n\t\t\t<span class=\"elementor-divider-separator\">\n\t\t\t\t\t\t<\/span>\n\t\t<\/div>\n\t\t\t\t<\/div>\n\t\t\t\t<\/div>\n\t\t\t\t\t<\/div>\n\t\t<\/div>\n\t\t\t\t\t\t\t<\/div>\n\t\t<\/section>\n\t\t\t\t<section class=\"elementor-section elementor-top-section elementor-element elementor-element-43a92b1 elementor-section-boxed elementor-section-height-default elementor-section-height-default\" data-id=\"43a92b1\" data-element_type=\"section\">\n\t\t\t\t\t\t<div class=\"elementor-container elementor-column-gap-default\">\n\t\t\t\t\t<div class=\"elementor-column elementor-col-50 elementor-top-column elementor-element elementor-element-b2b4b0d\" data-id=\"b2b4b0d\" data-element_type=\"column\">\n\t\t\t<div class=\"elementor-widget-wrap elementor-element-populated\">\n\t\t\t\t\t\t\t\t<div class=\"elementor-element elementor-element-f256be5 elementor-widget elementor-widget-heading\" data-id=\"f256be5\" data-element_type=\"widget\" data-widget_type=\"heading.default\">\n\t\t\t\t<div class=\"elementor-widget-container\">\n\t\t\t<h3 class=\"elementor-heading-title elementor-size-default\">N\u00f3s podemos ajudar<\/h3>\t\t<\/div>\n\t\t\t\t<\/div>\n\t\t\t\t<div class=\"elementor-element elementor-element-6de4457 elementor-widget elementor-widget-text-editor\" data-id=\"6de4457\" data-element_type=\"widget\" data-widget_type=\"text-editor.default\">\n\t\t\t\t<div class=\"elementor-widget-container\">\n\t\t\t\t\t\t\t<p>Loca\u00e7\u00e3o e Transporte de Ca\u00e7ambas ROLL ON ROLL OFF de 7 a 40 m\u00b3 (11 toneladas) para enchimento de res\u00edduos industriais em local e prazo pr\u00e9-acordado, tendo a op\u00e7\u00e3o do motorista aguardar at\u00e9 1 hora o enchimento da ca\u00e7amba no local, ou a perman\u00eancia da ca\u00e7amba no local por 48 horas.<\/p><p>Esta presta\u00e7\u00e3o de Servi\u00e7o \u00e9 ecologicamente correta, com emiss\u00e3o de nota fiscal de presta\u00e7\u00e3o de servi\u00e7o com o valor da op\u00e7\u00e3o escolhida e junto a ela \u00e9 emitido o CDRM \u2013 Certificado de Descarte de Res\u00edduo de Madeiras.<\/p><p>Processa e destina 100% do material recolhido de forma ecol\u00f3gica, transformando os res\u00edduos em biomassa para gera\u00e7\u00e3o de energia limpa.<\/p>\t\t\t\t\t\t<\/div>\n\t\t\t\t<\/div>\n\t\t\t\t\t<\/div>\n\t\t<\/div>\n\t\t\t\t<div class=\"elementor-column elementor-col-50 elementor-top-column elementor-element elementor-element-f7fe86b\" data-id=\"f7fe86b\" data-element_type=\"column\">\n\t\t\t<div class=\"elementor-widget-wrap elementor-element-populated\">\n\t\t\t\t\t\t\t\t<div class=\"elementor-element elementor-element-3990533 elementor-widget elementor-widget-image\" data-id=\"3990533\" data-element_type=\"widget\" data-widget_type=\"image.default\">\n\t\t\t\t<div class=\"elementor-widget-container\">\n\t\t\t\t\t\t\t\t\t\t\t\t\t\t\t<img loading=\"lazy\" decoding=\"async\" width=\"800\" height=\"534\" src=\"https:\/\/ferrovelhobatista.com.br\/wp-content\/uploads\/2021\/11\/ferro_velho_batista13.jpg\" class=\"attachment-large size-large\" alt=\"\" srcset=\"https:\/\/ferrovelhobatista.com.br\/wp-content\/uploads\/2021\/11\/ferro_velho_batista13.jpg 800w, https:\/\/ferrovelhobatista.com.br\/wp-content\/uploads\/2021\/11\/ferro_velho_batista13-300x200.jpg 300w, https:\/\/ferrovelhobatista.com.br\/wp-content\/uploads\/2021\/11\/ferro_velho_batista13-768x513.jpg 768w, https:\/\/ferrovelhobatista.com.br\/wp-content\/uploads\/2021\/11\/ferro_velho_batista13-700x467.jpg 700w\" sizes=\"auto, (max-width: 800px) 100vw, 800px\" \/>\t\t\t\t\t\t\t\t\t\t\t\t\t\t\t<\/div>\n\t\t\t\t<\/div>\n\t\t\t\t<div class=\"elementor-element elementor-element-fef93a9 elementor-widget elementor-widget-text-editor\" data-id=\"fef93a9\" data-element_type=\"widget\" data-widget_type=\"text-editor.default\">\n\t\t\t\t<div class=\"elementor-widget-container\">\n\t\t\t\t\t\t\t<p>Ca\u00e7amba ferro velho batista<\/p>\t\t\t\t\t\t<\/div>\n\t\t\t\t<\/div>\n\t\t\t\t\t<\/div>\n\t\t<\/div>\n\t\t\t\t\t\t\t<\/div>\n\t\t<\/section>\n\t\t\t\t<section class=\"elementor-section elementor-top-section elementor-element elementor-element-fe51ae3 elementor-section-boxed elementor-section-height-default elementor-section-height-default\" data-id=\"fe51ae3\" data-element_type=\"section\" data-settings=\"{&quot;background_background&quot;:&quot;classic&quot;}\">\n\t\t\t\t\t\t\t<div class=\"elementor-background-overlay\"><\/div>\n\t\t\t\t\t\t\t<div class=\"elementor-container elementor-column-gap-default\">\n\t\t\t\t\t<div class=\"elementor-column elementor-col-100 elementor-top-column elementor-element elementor-element-8c784ae\" data-id=\"8c784ae\" data-element_type=\"column\">\n\t\t\t<div class=\"elementor-widget-wrap elementor-element-populated\">\n\t\t\t\t\t\t\t\t<div class=\"elementor-element elementor-element-a39b0b9 elementor-widget elementor-widget-image-gallery\" data-id=\"a39b0b9\" data-element_type=\"widget\" data-widget_type=\"image-gallery.default\">\n\t\t\t\t<div class=\"elementor-widget-container\">\n\t\t\t\t\t<div class=\"elementor-image-gallery\">\n\t\t\t<div id='gallery-1' class='gallery galleryid-1452 gallery-columns-3 gallery-size-medium_large'><figure class='gallery-item'>\n\t\t\t<div class='gallery-icon landscape'>\n\t\t\t\t<a data-elementor-open-lightbox=\"yes\" data-elementor-lightbox-slideshow=\"a39b0b9\" data-elementor-lightbox-title=\"banner-ferro-velho-batista-5\" href='https:\/\/ferrovelhobatista.com.br\/wp-content\/uploads\/2021\/11\/banner-ferro-velho-batista-5.jpg'><img loading=\"lazy\" decoding=\"async\" width=\"467\" height=\"467\" src=\"https:\/\/ferrovelhobatista.com.br\/wp-content\/uploads\/2021\/11\/banner-ferro-velho-batista-5.jpg\" class=\"attachment-medium_large size-medium_large\" alt=\"\" srcset=\"https:\/\/ferrovelhobatista.com.br\/wp-content\/uploads\/2021\/11\/banner-ferro-velho-batista-5.jpg 467w, https:\/\/ferrovelhobatista.com.br\/wp-content\/uploads\/2021\/11\/banner-ferro-velho-batista-5-300x300.jpg 300w, https:\/\/ferrovelhobatista.com.br\/wp-content\/uploads\/2021\/11\/banner-ferro-velho-batista-5-150x150.jpg 150w, https:\/\/ferrovelhobatista.com.br\/wp-content\/uploads\/2021\/11\/banner-ferro-velho-batista-5-100x100.jpg 100w\" sizes=\"auto, (max-width: 467px) 100vw, 467px\" \/><\/a>\n\t\t\t<\/div><\/figure><figure class='gallery-item'>\n\t\t\t<div class='gallery-icon landscape'>\n\t\t\t\t<a data-elementor-open-lightbox=\"yes\" data-elementor-lightbox-slideshow=\"a39b0b9\" data-elementor-lightbox-title=\"banner-ferro-velho-batista-3\" href='https:\/\/ferrovelhobatista.com.br\/wp-content\/uploads\/2021\/11\/banner-ferro-velho-batista-3.jpg'><img loading=\"lazy\" decoding=\"async\" width=\"768\" height=\"768\" src=\"https:\/\/ferrovelhobatista.com.br\/wp-content\/uploads\/2021\/11\/banner-ferro-velho-batista-3-768x768.jpg\" class=\"attachment-medium_large size-medium_large\" alt=\"\" srcset=\"https:\/\/ferrovelhobatista.com.br\/wp-content\/uploads\/2021\/11\/banner-ferro-velho-batista-3-768x768.jpg 768w, https:\/\/ferrovelhobatista.com.br\/wp-content\/uploads\/2021\/11\/banner-ferro-velho-batista-3-300x300.jpg 300w, https:\/\/ferrovelhobatista.com.br\/wp-content\/uploads\/2021\/11\/banner-ferro-velho-batista-3-150x150.jpg 150w, https:\/\/ferrovelhobatista.com.br\/wp-content\/uploads\/2021\/11\/banner-ferro-velho-batista-3.jpg 800w, https:\/\/ferrovelhobatista.com.br\/wp-content\/uploads\/2021\/11\/banner-ferro-velho-batista-3-700x700.jpg 700w, https:\/\/ferrovelhobatista.com.br\/wp-content\/uploads\/2021\/11\/banner-ferro-velho-batista-3-100x100.jpg 100w\" sizes=\"auto, (max-width: 768px) 100vw, 768px\" \/><\/a>\n\t\t\t<\/div><\/figure><figure class='gallery-item'>\n\t\t\t<div class='gallery-icon landscape'>\n\t\t\t\t<a data-elementor-open-lightbox=\"yes\" data-elementor-lightbox-slideshow=\"a39b0b9\" data-elementor-lightbox-title=\"banner-ferro-velho-batista-7\" href='https:\/\/ferrovelhobatista.com.br\/wp-content\/uploads\/2021\/11\/banner-ferro-velho-batista-7.jpg'><img loading=\"lazy\" decoding=\"async\" width=\"467\" height=\"467\" src=\"https:\/\/ferrovelhobatista.com.br\/wp-content\/uploads\/2021\/11\/banner-ferro-velho-batista-7.jpg\" class=\"attachment-medium_large size-medium_large\" alt=\"\" srcset=\"https:\/\/ferrovelhobatista.com.br\/wp-content\/uploads\/2021\/11\/banner-ferro-velho-batista-7.jpg 467w, https:\/\/ferrovelhobatista.com.br\/wp-content\/uploads\/2021\/11\/banner-ferro-velho-batista-7-300x300.jpg 300w, https:\/\/ferrovelhobatista.com.br\/wp-content\/uploads\/2021\/11\/banner-ferro-velho-batista-7-150x150.jpg 150w, https:\/\/ferrovelhobatista.com.br\/wp-content\/uploads\/2021\/11\/banner-ferro-velho-batista-7-100x100.jpg 100w\" sizes=\"auto, (max-width: 467px) 100vw, 467px\" \/><\/a>\n\t\t\t<\/div><\/figure>\n\t\t<\/div>\n\t\t<\/div>\n\t\t\t\t<\/div>\n\t\t\t\t<\/div>\n\t\t\t\t\t<\/div>\n\t\t<\/div>\n\t\t\t\t\t\t\t<\/div>\n\t\t<\/section>\n\t\t\t\t\t\t<\/div>\n\t\t\t\t\t<\/div>\n\t\t","protected":false},"excerpt":{"rendered":"<p>Nossos trabalhos N\u00f3s podemos ajudar Loca\u00e7\u00e3o e Transporte de Ca\u00e7ambas ROLL ON ROLL OFF de 7 a 40 m\u00b3 (11 toneladas) para enchimento de res\u00edduos industriais em local e prazo pr\u00e9-acordado, tendo a op\u00e7\u00e3o do motorista aguardar at\u00e9 1 hora o enchimento da ca\u00e7amba no local, ou a perman\u00eancia da ca\u00e7amba no local por 48&#8230;<\/p>\n","protected":false},"author":1,"featured_media":0,"parent":0,"menu_order":0,"comment_status":"closed","ping_status":"closed","template":"","meta":{"om_disable_all_campaigns":false,"_monsterinsights_skip_tracking":false,"_monsterinsights_sitenote_active":false,"_monsterinsights_sitenote_note":"","_monsterinsights_sitenote_category":0,"kt_blocks_editor_width":"","_kad_post_transparent":"","_kad_post_title":"hide","_kad_post_layout":"fullwidth","_kad_post_sidebar_id":"","_kad_post_content_style":"unboxed","_kad_post_vertical_padding":"hide","_kad_post_feature":"hide","_kad_post_feature_position":"","_kad_post_header":false,"_kad_post_footer":false,"footnotes":""},"class_list":["post-1452","page","type-page","status-publish","hentry"],"_links":{"self":[{"href":"https:\/\/ferrovelhobatista.com.br\/index.php\/wp-json\/wp\/v2\/pages\/1452","targetHints":{"allow":["GET"]}}],"collection":[{"href":"https:\/\/ferrovelhobatista.com.br\/index.php\/wp-json\/wp\/v2\/pages"}],"about":[{"href":"https:\/\/ferrovelhobatista.com.br\/index.php\/wp-json\/wp\/v2\/types\/page"}],"author":[{"embeddable":true,"href":"https:\/\/ferrovelhobatista.com.br\/index.php\/wp-json\/wp\/v2\/users\/1"}],"replies":[{"embeddable":true,"href":"https:\/\/ferrovelhobatista.com.br\/index.php\/wp-json\/wp\/v2\/comments?post=1452"}],"version-history":[{"count":8,"href":"https:\/\/ferrovelhobatista.com.br\/index.php\/wp-json\/wp\/v2\/pages\/1452\/revisions"}],"predecessor-version":[{"id":1509,"href":"https:\/\/ferrovelhobatista.com.br\/index.php\/wp-json\/wp\/v2\/pages\/1452\/revisions\/1509"}],"wp:attachment":[{"href":"https:\/\/ferrovelhobatista.com.br\/index.php\/wp-json\/wp\/v2\/media?parent=1452"}],"curies":[{"name":"wp","href":"https:\/\/api.w.org\/{rel}","templated":true}]}}