{"id":1466,"date":"2020-10-27T18:31:13","date_gmt":"2020-10-27T21:31:13","guid":{"rendered":"http:\/\/ferrovelhobatista.com.br\/index.php\/consciencia-social-2\/"},"modified":"2021-11-23T09:53:38","modified_gmt":"2021-11-23T12:53:38","slug":"curiosidades-ferro-velho","status":"publish","type":"page","link":"https:\/\/ferrovelhobatista.com.br\/index.php\/curiosidades-ferro-velho\/","title":{"rendered":"Curiosidades"},"content":{"rendered":"\t\t<div data-elementor-type=\"wp-page\" data-elementor-id=\"1466\" class=\"elementor elementor-1466\" data-elementor-settings=\"[]\">\n\t\t\t\t\t\t\t<div class=\"elementor-section-wrap\">\n\t\t\t\t\t\t\t<section class=\"elementor-section elementor-top-section elementor-element elementor-element-447bb11 elementor-section-height-min-height elementor-section-items-bottom elementor-section-boxed elementor-section-height-default\" data-id=\"447bb11\" data-element_type=\"section\" data-settings=\"{&quot;background_background&quot;:&quot;classic&quot;}\">\n\t\t\t\t\t\t\t<div class=\"elementor-background-overlay\"><\/div>\n\t\t\t\t\t\t\t<div class=\"elementor-container elementor-column-gap-default\">\n\t\t\t\t\t<div class=\"elementor-column elementor-col-100 elementor-top-column elementor-element elementor-element-01b2a2e\" data-id=\"01b2a2e\" data-element_type=\"column\">\n\t\t\t<div class=\"elementor-widget-wrap elementor-element-populated\">\n\t\t\t\t\t\t\t\t<div class=\"elementor-element elementor-element-5cf34b4 elementor-widget elementor-widget-heading\" data-id=\"5cf34b4\" data-element_type=\"widget\" data-widget_type=\"heading.default\">\n\t\t\t\t<div class=\"elementor-widget-container\">\n\t\t\t<h2 class=\"elementor-heading-title elementor-size-default\">Curiosidades<\/h2>\t\t<\/div>\n\t\t\t\t<\/div>\n\t\t\t\t\t<\/div>\n\t\t<\/div>\n\t\t\t\t\t\t\t<\/div>\n\t\t<\/section>\n\t\t\t\t<section class=\"elementor-section elementor-top-section elementor-element elementor-element-1f6e2d9 elementor-section-boxed elementor-section-height-default elementor-section-height-default\" data-id=\"1f6e2d9\" data-element_type=\"section\">\n\t\t\t\t\t\t<div class=\"elementor-container elementor-column-gap-default\">\n\t\t\t\t\t<div class=\"elementor-column elementor-col-33 elementor-top-column elementor-element elementor-element-19fe0a1\" data-id=\"19fe0a1\" data-element_type=\"column\">\n\t\t\t<div class=\"elementor-widget-wrap elementor-element-populated\">\n\t\t\t\t\t\t\t\t<div class=\"elementor-element elementor-element-c1d4520 elementor-widget elementor-widget-image\" data-id=\"c1d4520\" data-element_type=\"widget\" data-widget_type=\"image.default\">\n\t\t\t\t<div class=\"elementor-widget-container\">\n\t\t\t\t\t\t\t\t\t\t\t\t\t\t\t<img loading=\"lazy\" decoding=\"async\" width=\"626\" height=\"939\" src=\"https:\/\/ferrovelhobatista.com.br\/wp-content\/uploads\/2021\/11\/ferro.jpg\" class=\"attachment-large size-large\" alt=\"\" srcset=\"https:\/\/ferrovelhobatista.com.br\/wp-content\/uploads\/2021\/11\/ferro.jpg 626w, https:\/\/ferrovelhobatista.com.br\/wp-content\/uploads\/2021\/11\/ferro-200x300.jpg 200w\" sizes=\"auto, (max-width: 626px) 100vw, 626px\" \/>\t\t\t\t\t\t\t\t\t\t\t\t\t\t\t<\/div>\n\t\t\t\t<\/div>\n\t\t\t\t\t<\/div>\n\t\t<\/div>\n\t\t\t\t<div class=\"elementor-column elementor-col-66 elementor-top-column elementor-element elementor-element-da9797b\" data-id=\"da9797b\" data-element_type=\"column\">\n\t\t\t<div class=\"elementor-widget-wrap elementor-element-populated\">\n\t\t\t\t\t\t\t\t<div class=\"elementor-element elementor-element-190d940 elementor-widget elementor-widget-heading\" data-id=\"190d940\" data-element_type=\"widget\" data-widget_type=\"heading.default\">\n\t\t\t\t<div class=\"elementor-widget-container\">\n\t\t\t<h2 class=\"elementor-heading-title elementor-size-default\">Voc\u00ea sabia?<\/h2>\t\t<\/div>\n\t\t\t\t<\/div>\n\t\t\t\t<div class=\"elementor-element elementor-element-c671703 elementor-widget elementor-widget-text-editor\" data-id=\"c671703\" data-element_type=\"widget\" data-widget_type=\"text-editor.default\">\n\t\t\t\t<div class=\"elementor-widget-container\">\n\t\t\t\t\t\t\t<p><strong>Classifica\u00e7\u00e3o dos metais:<\/strong><br \/><strong>Ferrosos<\/strong>: ferro e a\u00e7o;<\/p><p><span style=\"background-color: transparent; color: var(--global-palette5); font-family: var(--global-body-font-family);\">Com capacidade de contamina\u00e7\u00e3o mais demorado ao longo do tempo. Necessitando de mais cuidados nos processos de reciclagem.<\/span><\/p><p><strong>N\u00e3o ferrosos<\/strong>: n\u00edquel, cobre, zinco, alum\u00ednio e chumbo<\/p><p>Com potencial de contamina\u00e7\u00e3o da natureza diminu\u00eddo ao longo do tempo<br \/>O cobre foi provavelmente o primeiro metal minerado e trabalhado pelo homem. Foi originalmente obtido como um mineral nativo e posteriormente da fundi\u00e7\u00e3o de min\u00e9rios. Estimativas iniciais da descoberta do cobre sugerem por volta de 9000 a.C<br \/>Hoje em dia, possui uma taxa de aproximadamente 50% de itens fabricados com ele de origem reciclada.<\/p>\t\t\t\t\t\t<\/div>\n\t\t\t\t<\/div>\n\t\t\t\t\t<\/div>\n\t\t<\/div>\n\t\t\t\t\t\t\t<\/div>\n\t\t<\/section>\n\t\t\t\t<section class=\"elementor-section elementor-top-section elementor-element elementor-element-0cdadd0 elementor-section-boxed elementor-section-height-default elementor-section-height-default\" data-id=\"0cdadd0\" data-element_type=\"section\" data-settings=\"{&quot;background_background&quot;:&quot;classic&quot;}\">\n\t\t\t\t\t\t<div class=\"elementor-container elementor-column-gap-default\">\n\t\t\t\t\t<div class=\"elementor-column elementor-col-25 elementor-top-column elementor-element elementor-element-ebccabd\" data-id=\"ebccabd\" data-element_type=\"column\">\n\t\t\t<div class=\"elementor-widget-wrap elementor-element-populated\">\n\t\t\t\t\t\t\t\t<div class=\"elementor-element elementor-element-d1329d0 elementor-widget elementor-widget-heading\" data-id=\"d1329d0\" data-element_type=\"widget\" data-widget_type=\"heading.default\">\n\t\t\t\t<div class=\"elementor-widget-container\">\n\t\t\t<h2 class=\"elementor-heading-title elementor-size-default\">A\u00c7O<\/h2>\t\t<\/div>\n\t\t\t\t<\/div>\n\t\t\t\t<div class=\"elementor-element elementor-element-45d0216 elementor-widget elementor-widget-image\" data-id=\"45d0216\" data-element_type=\"widget\" data-widget_type=\"image.default\">\n\t\t\t\t<div class=\"elementor-widget-container\">\n\t\t\t\t\t\t\t\t\t\t\t\t\t\t\t<img loading=\"lazy\" decoding=\"async\" width=\"300\" height=\"300\" src=\"https:\/\/ferrovelhobatista.com.br\/wp-content\/uploads\/2021\/11\/aco-300x300.jpg\" class=\"attachment-medium size-medium\" alt=\"\" srcset=\"https:\/\/ferrovelhobatista.com.br\/wp-content\/uploads\/2021\/11\/aco-300x300.jpg 300w, https:\/\/ferrovelhobatista.com.br\/wp-content\/uploads\/2021\/11\/aco-150x150.jpg 150w, https:\/\/ferrovelhobatista.com.br\/wp-content\/uploads\/2021\/11\/aco-100x100.jpg 100w, https:\/\/ferrovelhobatista.com.br\/wp-content\/uploads\/2021\/11\/aco.jpg 626w\" sizes=\"auto, (max-width: 300px) 100vw, 300px\" \/>\t\t\t\t\t\t\t\t\t\t\t\t\t\t\t<\/div>\n\t\t\t\t<\/div>\n\t\t\t\t\t<\/div>\n\t\t<\/div>\n\t\t\t\t<div class=\"elementor-column elementor-col-25 elementor-top-column elementor-element elementor-element-f71a662\" data-id=\"f71a662\" data-element_type=\"column\" data-settings=\"{&quot;background_background&quot;:&quot;classic&quot;}\">\n\t\t\t<div class=\"elementor-widget-wrap elementor-element-populated\">\n\t\t\t\t\t\t\t\t<div class=\"elementor-element elementor-element-a3dafc3 elementor-widget elementor-widget-text-editor\" data-id=\"a3dafc3\" data-element_type=\"widget\" data-widget_type=\"text-editor.default\">\n\t\t\t\t<div class=\"elementor-widget-container\">\n\t\t\t\t\t\t\t<p>A cada tonelada de lata de a\u00e7o reciclada, deixa-se de extrair cerca de 1,5 tonelada de min\u00e9rio de ferro da natureza;<br \/>A cada 75 embalagens de a\u00e7o recicladas, salva-se uma \u00e1rvore na produ\u00e7\u00e3o de a\u00e7o. Sem a reciclagem, seria extra\u00edda \u00e1rvore para ser transformada em carv\u00e3o vegetal.<\/p>\t\t\t\t\t\t<\/div>\n\t\t\t\t<\/div>\n\t\t\t\t\t<\/div>\n\t\t<\/div>\n\t\t\t\t<div class=\"elementor-column elementor-col-25 elementor-top-column elementor-element elementor-element-9f0fe30\" data-id=\"9f0fe30\" data-element_type=\"column\">\n\t\t\t<div class=\"elementor-widget-wrap elementor-element-populated\">\n\t\t\t\t\t\t\t\t<div class=\"elementor-element elementor-element-210ccba elementor-widget elementor-widget-heading\" data-id=\"210ccba\" data-element_type=\"widget\" data-widget_type=\"heading.default\">\n\t\t\t\t<div class=\"elementor-widget-container\">\n\t\t\t<h2 class=\"elementor-heading-title elementor-size-default\">ALUM\u00cdNIO<\/h2>\t\t<\/div>\n\t\t\t\t<\/div>\n\t\t\t\t<div class=\"elementor-element elementor-element-c2359df elementor-widget elementor-widget-image\" data-id=\"c2359df\" data-element_type=\"widget\" data-widget_type=\"image.default\">\n\t\t\t\t<div class=\"elementor-widget-container\">\n\t\t\t\t\t\t\t\t\t\t\t\t\t\t\t<img loading=\"lazy\" decoding=\"async\" width=\"300\" height=\"200\" src=\"https:\/\/ferrovelhobatista.com.br\/wp-content\/uploads\/2021\/11\/latas-300x200.jpg\" class=\"attachment-medium size-medium\" alt=\"\" srcset=\"https:\/\/ferrovelhobatista.com.br\/wp-content\/uploads\/2021\/11\/latas-300x200.jpg 300w, https:\/\/ferrovelhobatista.com.br\/wp-content\/uploads\/2021\/11\/latas.jpg 626w\" sizes=\"auto, (max-width: 300px) 100vw, 300px\" \/>\t\t\t\t\t\t\t\t\t\t\t\t\t\t\t<\/div>\n\t\t\t\t<\/div>\n\t\t\t\t\t<\/div>\n\t\t<\/div>\n\t\t\t\t<div class=\"elementor-column elementor-col-25 elementor-top-column elementor-element elementor-element-7a7f4c2\" data-id=\"7a7f4c2\" data-element_type=\"column\">\n\t\t\t<div class=\"elementor-widget-wrap elementor-element-populated\">\n\t\t\t\t\t\t\t\t<div class=\"elementor-element elementor-element-9d45c8d elementor-widget elementor-widget-text-editor\" data-id=\"9d45c8d\" data-element_type=\"widget\" data-widget_type=\"text-editor.default\">\n\t\t\t\t<div class=\"elementor-widget-container\">\n\t\t\t\t\t\t\t<p>O Brasil \u00e9 o recordista mundial em reciclagem de latas de alum\u00ednio. Em 2012, 98% da produ\u00e7\u00e3o nacional foi reaproveitada.<\/p>\t\t\t\t\t\t<\/div>\n\t\t\t\t<\/div>\n\t\t\t\t\t<\/div>\n\t\t<\/div>\n\t\t\t\t\t\t\t<\/div>\n\t\t<\/section>\n\t\t\t\t<section class=\"elementor-section elementor-top-section elementor-element elementor-element-1af4509 elementor-section-boxed elementor-section-height-default elementor-section-height-default\" data-id=\"1af4509\" data-element_type=\"section\">\n\t\t\t\t\t\t<div class=\"elementor-container elementor-column-gap-default\">\n\t\t\t\t\t<div class=\"elementor-column elementor-col-100 elementor-top-column elementor-element elementor-element-c5ffa48\" data-id=\"c5ffa48\" data-element_type=\"column\">\n\t\t\t<div class=\"elementor-widget-wrap elementor-element-populated\">\n\t\t\t\t\t\t\t\t<div class=\"elementor-element elementor-element-9736569 elementor-widget elementor-widget-text-editor\" data-id=\"9736569\" data-element_type=\"widget\" data-widget_type=\"text-editor.default\">\n\t\t\t\t<div class=\"elementor-widget-container\">\n\t\t\t\t\t\t\t<p>Quando falamos em destina\u00e7\u00e3o correta e reciclagem de materiais como res\u00edduos de metal em geral, sucatas de ferro, cantoneiras, campanas, molas, chapas met\u00e1licas e\u00a0 vergalh\u00f5es, o ferro velho batista \u00e9 sempre a melhor op\u00e7\u00e3o em Londrina e regi\u00e3o.<\/p>\t\t\t\t\t\t<\/div>\n\t\t\t\t<\/div>\n\t\t\t\t\t<\/div>\n\t\t<\/div>\n\t\t\t\t\t\t\t<\/div>\n\t\t<\/section>\n\t\t\t\t\t\t<\/div>\n\t\t\t\t\t<\/div>\n\t\t","protected":false},"excerpt":{"rendered":"<p>Curiosidades Voc\u00ea sabia? Classifica\u00e7\u00e3o dos metais:Ferrosos: ferro e a\u00e7o; Com capacidade de contamina\u00e7\u00e3o mais demorado ao longo do tempo. Necessitando de mais cuidados nos processos de reciclagem. N\u00e3o ferrosos: n\u00edquel, cobre, zinco, alum\u00ednio e chumbo Com potencial de contamina\u00e7\u00e3o da natureza diminu\u00eddo ao longo do tempoO cobre foi provavelmente o primeiro metal minerado e trabalhado&#8230;<\/p>\n","protected":false},"author":1,"featured_media":0,"parent":0,"menu_order":0,"comment_status":"closed","ping_status":"closed","template":"","meta":{"om_disable_all_campaigns":false,"_monsterinsights_skip_tracking":false,"_monsterinsights_sitenote_active":false,"_monsterinsights_sitenote_note":"","_monsterinsights_sitenote_category":0,"kt_blocks_editor_width":"","_kad_post_transparent":"","_kad_post_title":"hide","_kad_post_layout":"fullwidth","_kad_post_sidebar_id":"","_kad_post_content_style":"unboxed","_kad_post_vertical_padding":"hide","_kad_post_feature":"hide","_kad_post_feature_position":"","_kad_post_header":false,"_kad_post_footer":false,"footnotes":""},"class_list":["post-1466","page","type-page","status-publish","hentry"],"_links":{"self":[{"href":"https:\/\/ferrovelhobatista.com.br\/index.php\/wp-json\/wp\/v2\/pages\/1466","targetHints":{"allow":["GET"]}}],"collection":[{"href":"https:\/\/ferrovelhobatista.com.br\/index.php\/wp-json\/wp\/v2\/pages"}],"about":[{"href":"https:\/\/ferrovelhobatista.com.br\/index.php\/wp-json\/wp\/v2\/types\/page"}],"author":[{"embeddable":true,"href":"https:\/\/ferrovelhobatista.com.br\/index.php\/wp-json\/wp\/v2\/users\/1"}],"replies":[{"embeddable":true,"href":"https:\/\/ferrovelhobatista.com.br\/index.php\/wp-json\/wp\/v2\/comments?post=1466"}],"version-history":[{"count":13,"href":"https:\/\/ferrovelhobatista.com.br\/index.php\/wp-json\/wp\/v2\/pages\/1466\/revisions"}],"predecessor-version":[{"id":1521,"href":"https:\/\/ferrovelhobatista.com.br\/index.php\/wp-json\/wp\/v2\/pages\/1466\/revisions\/1521"}],"wp:attachment":[{"href":"https:\/\/ferrovelhobatista.com.br\/index.php\/wp-json\/wp\/v2\/media?parent=1466"}],"curies":[{"name":"wp","href":"https:\/\/api.w.org\/{rel}","templated":true}]}}