{"id":492,"date":"2020-10-26T11:38:49","date_gmt":"2020-10-26T14:38:49","guid":{"rendered":"http:\/\/www.grafas.org\/demo02\/?page_id=492"},"modified":"2021-11-23T09:38:31","modified_gmt":"2021-11-23T12:38:31","slug":"quem-somos","status":"publish","type":"page","link":"https:\/\/ferrovelhobatista.com.br\/index.php\/quem-somos\/","title":{"rendered":"Quem somos"},"content":{"rendered":"\t\t<div data-elementor-type=\"wp-page\" data-elementor-id=\"492\" class=\"elementor elementor-492\" data-elementor-settings=\"[]\">\n\t\t\t\t\t\t\t<div class=\"elementor-section-wrap\">\n\t\t\t\t\t\t\t<section class=\"elementor-section elementor-top-section elementor-element elementor-element-447bb11 elementor-section-height-min-height elementor-section-boxed elementor-section-height-default elementor-section-items-middle\" data-id=\"447bb11\" data-element_type=\"section\" data-settings=\"{&quot;background_background&quot;:&quot;classic&quot;}\">\n\t\t\t\t\t\t\t<div class=\"elementor-background-overlay\"><\/div>\n\t\t\t\t\t\t\t<div class=\"elementor-container elementor-column-gap-default\">\n\t\t\t\t\t<div class=\"elementor-column elementor-col-50 elementor-top-column elementor-element elementor-element-01b2a2e\" data-id=\"01b2a2e\" data-element_type=\"column\">\n\t\t\t<div class=\"elementor-widget-wrap elementor-element-populated\">\n\t\t\t\t\t\t\t\t<div class=\"elementor-element elementor-element-5cf34b4 elementor-widget elementor-widget-heading\" data-id=\"5cf34b4\" data-element_type=\"widget\" data-widget_type=\"heading.default\">\n\t\t\t\t<div class=\"elementor-widget-container\">\n\t\t\t<h2 class=\"elementor-heading-title elementor-size-default\">Responsabilidade e credibilidade<\/h2>\t\t<\/div>\n\t\t\t\t<\/div>\n\t\t\t\t\t<\/div>\n\t\t<\/div>\n\t\t\t\t<div class=\"elementor-column elementor-col-50 elementor-top-column elementor-element elementor-element-71f47ea elementor-hidden-tablet elementor-hidden-phone\" data-id=\"71f47ea\" data-element_type=\"column\">\n\t\t\t<div class=\"elementor-widget-wrap elementor-element-populated\">\n\t\t\t\t\t\t\t\t<div class=\"elementor-element elementor-element-d7c6343 elementor-widget elementor-widget-image\" data-id=\"d7c6343\" data-element_type=\"widget\" data-widget_type=\"image.default\">\n\t\t\t\t<div class=\"elementor-widget-container\">\n\t\t\t\t\t\t\t\t\t\t\t\t\t\t\t<img loading=\"lazy\" decoding=\"async\" width=\"512\" height=\"512\" src=\"https:\/\/ferrovelhobatista.com.br\/wp-content\/uploads\/2021\/11\/seguranca-ferro-velho-batista.jpg\" class=\"attachment-large size-large\" alt=\"\" srcset=\"https:\/\/ferrovelhobatista.com.br\/wp-content\/uploads\/2021\/11\/seguranca-ferro-velho-batista.jpg 512w, https:\/\/ferrovelhobatista.com.br\/wp-content\/uploads\/2021\/11\/seguranca-ferro-velho-batista-300x300.jpg 300w, https:\/\/ferrovelhobatista.com.br\/wp-content\/uploads\/2021\/11\/seguranca-ferro-velho-batista-150x150.jpg 150w, https:\/\/ferrovelhobatista.com.br\/wp-content\/uploads\/2021\/11\/seguranca-ferro-velho-batista-100x100.jpg 100w\" sizes=\"auto, (max-width: 512px) 100vw, 512px\" \/>\t\t\t\t\t\t\t\t\t\t\t\t\t\t\t<\/div>\n\t\t\t\t<\/div>\n\t\t\t\t\t<\/div>\n\t\t<\/div>\n\t\t\t\t\t\t\t<\/div>\n\t\t<\/section>\n\t\t\t\t<section class=\"elementor-section elementor-top-section elementor-element elementor-element-f4ff7ab elementor-section-boxed elementor-section-height-default elementor-section-height-default\" data-id=\"f4ff7ab\" data-element_type=\"section\">\n\t\t\t\t\t\t<div class=\"elementor-container elementor-column-gap-default\">\n\t\t\t\t\t<div class=\"elementor-column elementor-col-33 elementor-top-column elementor-element elementor-element-44539d7\" data-id=\"44539d7\" data-element_type=\"column\">\n\t\t\t<div class=\"elementor-widget-wrap elementor-element-populated\">\n\t\t\t\t\t\t\t\t<div class=\"elementor-element elementor-element-0417317 elementor-widget elementor-widget-heading\" data-id=\"0417317\" data-element_type=\"widget\" data-widget_type=\"heading.default\">\n\t\t\t\t<div class=\"elementor-widget-container\">\n\t\t\t<h5 class=\"elementor-heading-title elementor-size-default\">Nossa Hist\u00f3ria<\/h5>\t\t<\/div>\n\t\t\t\t<\/div>\n\t\t\t\t<div class=\"elementor-element elementor-element-59203da elementor-widget elementor-widget-heading\" data-id=\"59203da\" data-element_type=\"widget\" data-widget_type=\"heading.default\">\n\t\t\t\t<div class=\"elementor-widget-container\">\n\t\t\t<h3 class=\"elementor-heading-title elementor-size-default\">Desde 1970<\/h3>\t\t<\/div>\n\t\t\t\t<\/div>\n\t\t\t\t<div class=\"elementor-element elementor-element-2583fa7 elementor-widget elementor-widget-text-editor\" data-id=\"2583fa7\" data-element_type=\"widget\" data-widget_type=\"text-editor.default\">\n\t\t\t\t<div class=\"elementor-widget-container\">\n\t\t\t\t\t\t\t<p>Com mais de 50 anos de atividades em Londrina a Empresa Ferro Velho Batista Ltda \u00e9 uma das mais tradicionais na cidade. A empresa \u00e9 especializada em compras e vendas de produtos reciclados e atende todo o estado do Paran\u00e1. A empresa fundada em 1970 por Dulvar Batista, iniciou atividades na rua Amap\u00e1 na regi\u00e3o central de Londrina. Naquela \u00e9poca Dulvar Batista contava com os trabalhos do filho Jos\u00e9 Valdir Batista. Com o crescimento da empresa o Ferro Velho Batista se transferiu para a rua Frei Henrique Coimbra na Vila Nova, j\u00e1 contando tamb\u00e9m com os trabalhos de Vander Jos\u00e9 Batista. Atualmente a empresa mantem sua sede na rua Frei Henrique de Coimbra, 47.\u00a0<\/p>\t\t\t\t\t\t<\/div>\n\t\t\t\t<\/div>\n\t\t\t\t\t<\/div>\n\t\t<\/div>\n\t\t\t\t<div class=\"elementor-column elementor-col-33 elementor-top-column elementor-element elementor-element-6d4acba\" data-id=\"6d4acba\" data-element_type=\"column\">\n\t\t\t<div class=\"elementor-widget-wrap elementor-element-populated\">\n\t\t\t\t\t\t\t\t<div class=\"elementor-element elementor-element-07f52d4 elementor-widget elementor-widget-image\" data-id=\"07f52d4\" data-element_type=\"widget\" data-widget_type=\"image.default\">\n\t\t\t\t<div class=\"elementor-widget-container\">\n\t\t\t\t\t\t\t\t\t\t\t\t\t\t\t<img loading=\"lazy\" decoding=\"async\" width=\"640\" height=\"477\" src=\"https:\/\/ferrovelhobatista.com.br\/wp-content\/uploads\/2021\/11\/ferro_velho_batista22.jpg\" class=\"attachment-large size-large\" alt=\"\" srcset=\"https:\/\/ferrovelhobatista.com.br\/wp-content\/uploads\/2021\/11\/ferro_velho_batista22.jpg 640w, https:\/\/ferrovelhobatista.com.br\/wp-content\/uploads\/2021\/11\/ferro_velho_batista22-300x224.jpg 300w\" sizes=\"auto, (max-width: 640px) 100vw, 640px\" \/>\t\t\t\t\t\t\t\t\t\t\t\t\t\t\t<\/div>\n\t\t\t\t<\/div>\n\t\t\t\t\t<\/div>\n\t\t<\/div>\n\t\t\t\t<div class=\"elementor-column elementor-col-33 elementor-top-column elementor-element elementor-element-3dd869f\" data-id=\"3dd869f\" data-element_type=\"column\">\n\t\t\t<div class=\"elementor-widget-wrap elementor-element-populated\">\n\t\t\t\t\t\t\t\t<div class=\"elementor-element elementor-element-08de217 elementor-widget elementor-widget-image\" data-id=\"08de217\" data-element_type=\"widget\" data-widget_type=\"image.default\">\n\t\t\t\t<div class=\"elementor-widget-container\">\n\t\t\t\t\t\t\t\t\t\t\t\t\t\t\t<img loading=\"lazy\" decoding=\"async\" width=\"640\" height=\"475\" src=\"https:\/\/ferrovelhobatista.com.br\/wp-content\/uploads\/2021\/11\/ferro_velho_batista21.jpg\" class=\"attachment-large size-large\" alt=\"\" srcset=\"https:\/\/ferrovelhobatista.com.br\/wp-content\/uploads\/2021\/11\/ferro_velho_batista21.jpg 640w, https:\/\/ferrovelhobatista.com.br\/wp-content\/uploads\/2021\/11\/ferro_velho_batista21-300x223.jpg 300w\" sizes=\"auto, (max-width: 640px) 100vw, 640px\" \/>\t\t\t\t\t\t\t\t\t\t\t\t\t\t\t<\/div>\n\t\t\t\t<\/div>\n\t\t\t\t<section class=\"elementor-section elementor-inner-section elementor-element elementor-element-5a13c35 elementor-section-boxed elementor-section-height-default elementor-section-height-default\" data-id=\"5a13c35\" data-element_type=\"section\">\n\t\t\t\t\t\t<div class=\"elementor-container elementor-column-gap-default\">\n\t\t\t\t\t<div class=\"elementor-column elementor-col-100 elementor-inner-column elementor-element elementor-element-f313c41\" data-id=\"f313c41\" data-element_type=\"column\">\n\t\t\t<div class=\"elementor-widget-wrap elementor-element-populated\">\n\t\t\t\t\t\t\t\t<div class=\"elementor-element elementor-element-c1da429 elementor-widget elementor-widget-image\" data-id=\"c1da429\" data-element_type=\"widget\" data-widget_type=\"image.default\">\n\t\t\t\t<div class=\"elementor-widget-container\">\n\t\t\t\t\t\t\t\t\t\t\t\t\t\t\t<img loading=\"lazy\" decoding=\"async\" width=\"640\" height=\"423\" src=\"https:\/\/ferrovelhobatista.com.br\/wp-content\/uploads\/2021\/11\/ferro_velho_batista16.jpg\" class=\"attachment-large size-large\" alt=\"\" srcset=\"https:\/\/ferrovelhobatista.com.br\/wp-content\/uploads\/2021\/11\/ferro_velho_batista16.jpg 640w, https:\/\/ferrovelhobatista.com.br\/wp-content\/uploads\/2021\/11\/ferro_velho_batista16-300x198.jpg 300w\" sizes=\"auto, (max-width: 640px) 100vw, 640px\" \/>\t\t\t\t\t\t\t\t\t\t\t\t\t\t\t<\/div>\n\t\t\t\t<\/div>\n\t\t\t\t\t<\/div>\n\t\t<\/div>\n\t\t\t\t\t\t\t<\/div>\n\t\t<\/section>\n\t\t\t\t\t<\/div>\n\t\t<\/div>\n\t\t\t\t\t\t\t<\/div>\n\t\t<\/section>\n\t\t\t\t<section class=\"elementor-section elementor-top-section elementor-element elementor-element-b3021c3 elementor-section-boxed elementor-section-height-default elementor-section-height-default\" data-id=\"b3021c3\" data-element_type=\"section\">\n\t\t\t\t\t\t<div class=\"elementor-container elementor-column-gap-default\">\n\t\t\t\t\t<div class=\"elementor-column elementor-col-100 elementor-top-column elementor-element elementor-element-d4bc66c\" data-id=\"d4bc66c\" data-element_type=\"column\">\n\t\t\t<div class=\"elementor-widget-wrap elementor-element-populated\">\n\t\t\t\t\t\t\t\t<div class=\"elementor-element elementor-element-de3e326 elementor-widget-divider--view-line elementor-widget elementor-widget-divider\" data-id=\"de3e326\" data-element_type=\"widget\" data-widget_type=\"divider.default\">\n\t\t\t\t<div class=\"elementor-widget-container\">\n\t\t\t\t\t<div class=\"elementor-divider\">\n\t\t\t<span class=\"elementor-divider-separator\">\n\t\t\t\t\t\t<\/span>\n\t\t<\/div>\n\t\t\t\t<\/div>\n\t\t\t\t<\/div>\n\t\t\t\t\t<\/div>\n\t\t<\/div>\n\t\t\t\t\t\t\t<\/div>\n\t\t<\/section>\n\t\t\t\t<section class=\"elementor-section elementor-top-section elementor-element elementor-element-43a92b1 elementor-section-boxed elementor-section-height-default elementor-section-height-default\" data-id=\"43a92b1\" data-element_type=\"section\">\n\t\t\t\t\t\t<div class=\"elementor-container elementor-column-gap-default\">\n\t\t\t\t\t<div class=\"elementor-column elementor-col-50 elementor-top-column elementor-element elementor-element-f7fe86b\" data-id=\"f7fe86b\" data-element_type=\"column\">\n\t\t\t<div class=\"elementor-widget-wrap elementor-element-populated\">\n\t\t\t\t\t\t\t\t<div class=\"elementor-element elementor-element-3990533 elementor-widget elementor-widget-image\" data-id=\"3990533\" data-element_type=\"widget\" data-widget_type=\"image.default\">\n\t\t\t\t<div class=\"elementor-widget-container\">\n\t\t\t\t\t\t\t\t\t\t\t\t\t\t\t<img loading=\"lazy\" decoding=\"async\" width=\"800\" height=\"800\" src=\"https:\/\/ferrovelhobatista.com.br\/wp-content\/uploads\/2021\/11\/banner-ferro-velho-batista.jpg\" class=\"attachment-large size-large\" alt=\"\" srcset=\"https:\/\/ferrovelhobatista.com.br\/wp-content\/uploads\/2021\/11\/banner-ferro-velho-batista.jpg 800w, https:\/\/ferrovelhobatista.com.br\/wp-content\/uploads\/2021\/11\/banner-ferro-velho-batista-300x300.jpg 300w, https:\/\/ferrovelhobatista.com.br\/wp-content\/uploads\/2021\/11\/banner-ferro-velho-batista-150x150.jpg 150w, https:\/\/ferrovelhobatista.com.br\/wp-content\/uploads\/2021\/11\/banner-ferro-velho-batista-768x768.jpg 768w, https:\/\/ferrovelhobatista.com.br\/wp-content\/uploads\/2021\/11\/banner-ferro-velho-batista-700x700.jpg 700w, https:\/\/ferrovelhobatista.com.br\/wp-content\/uploads\/2021\/11\/banner-ferro-velho-batista-100x100.jpg 100w\" sizes=\"auto, (max-width: 800px) 100vw, 800px\" \/>\t\t\t\t\t\t\t\t\t\t\t\t\t\t\t<\/div>\n\t\t\t\t<\/div>\n\t\t\t\t\t<\/div>\n\t\t<\/div>\n\t\t\t\t<div class=\"elementor-column elementor-col-50 elementor-top-column elementor-element elementor-element-b2b4b0d\" data-id=\"b2b4b0d\" data-element_type=\"column\">\n\t\t\t<div class=\"elementor-widget-wrap elementor-element-populated\">\n\t\t\t\t\t\t\t\t<div class=\"elementor-element elementor-element-f256be5 elementor-widget elementor-widget-heading\" data-id=\"f256be5\" data-element_type=\"widget\" data-widget_type=\"heading.default\">\n\t\t\t\t<div class=\"elementor-widget-container\">\n\t\t\t<h3 class=\"elementor-heading-title elementor-size-default\">Hoje em dia<\/h3>\t\t<\/div>\n\t\t\t\t<\/div>\n\t\t\t\t<div class=\"elementor-element elementor-element-6de4457 elementor-widget elementor-widget-text-editor\" data-id=\"6de4457\" data-element_type=\"widget\" data-widget_type=\"text-editor.default\">\n\t\t\t\t<div class=\"elementor-widget-container\">\n\t\t\t\t\t\t\t<p>A tradi\u00e7\u00e3o e a confiabilidade da empresa foram conquistadas ao longo de \u00e1rduo trabalho em mais de 5 d\u00e9cadas de exist\u00eancia. Ano a ano os administradores investiram no moderno processo de reciclagem de ferros, metais e outros, construindo junto com o cliente um meio ambiente sustent\u00e1vel. Uma das preocupa\u00e7\u00f5es se refere aos materiais danosos ao ecossistema para que n\u00e3o sejam jogados na natureza. O Ferro Velho Batista qualifica-se por atender seus clientes com efici\u00eancia e rapidez tornando a mais competitiva e lucrativa no concorrido mercado de trabalho.<br \/>Hoje temos orgulho de onde viemos e do que nos tornamos.<br \/>Ferro Velho Batista, sin\u00f4nimo de confiabilidade em Londrina.\u00a0<\/p>\t\t\t\t\t\t<\/div>\n\t\t\t\t<\/div>\n\t\t\t\t\t<\/div>\n\t\t<\/div>\n\t\t\t\t\t\t\t<\/div>\n\t\t<\/section>\n\t\t\t\t<section class=\"elementor-section elementor-top-section elementor-element elementor-element-0b6c1d6 elementor-section-full_width elementor-section-height-default elementor-section-height-default\" data-id=\"0b6c1d6\" data-element_type=\"section\">\n\t\t\t\t\t\t<div class=\"elementor-container elementor-column-gap-default\">\n\t\t\t\t\t<div class=\"elementor-column elementor-col-100 elementor-top-column elementor-element elementor-element-d3ed6ec\" data-id=\"d3ed6ec\" data-element_type=\"column\">\n\t\t\t<div class=\"elementor-widget-wrap elementor-element-populated\">\n\t\t\t\t\t\t\t\t<div class=\"elementor-element elementor-element-7c82f84 elementor-arrows-position-inside elementor-pagination-position-outside elementor-widget elementor-widget-image-carousel\" data-id=\"7c82f84\" data-element_type=\"widget\" data-settings=\"{&quot;navigation&quot;:&quot;both&quot;,&quot;autoplay&quot;:&quot;yes&quot;,&quot;pause_on_hover&quot;:&quot;yes&quot;,&quot;pause_on_interaction&quot;:&quot;yes&quot;,&quot;autoplay_speed&quot;:5000,&quot;infinite&quot;:&quot;yes&quot;,&quot;speed&quot;:500}\" data-widget_type=\"image-carousel.default\">\n\t\t\t\t<div class=\"elementor-widget-container\">\n\t\t\t\t\t<div class=\"elementor-image-carousel-wrapper swiper-container\" dir=\"ltr\">\n\t\t\t<div class=\"elementor-image-carousel swiper-wrapper\">\n\t\t\t\t\t\t\t\t<div class=\"swiper-slide\"><figure class=\"swiper-slide-inner\"><img decoding=\"async\" class=\"swiper-slide-image\" src=\"https:\/\/ferrovelhobatista.com.br\/wp-content\/uploads\/2021\/11\/ferro_velho_batista16-1.jpg\" alt=\"ferro_velho_batista16\" \/><\/figure><\/div><div class=\"swiper-slide\"><figure class=\"swiper-slide-inner\"><img decoding=\"async\" class=\"swiper-slide-image\" src=\"https:\/\/ferrovelhobatista.com.br\/wp-content\/uploads\/2021\/11\/ferro_velho_batista3-1.jpg\" alt=\"ferro_velho_batista3-(1)\" \/><\/figure><\/div><div class=\"swiper-slide\"><figure class=\"swiper-slide-inner\"><img decoding=\"async\" class=\"swiper-slide-image\" src=\"https:\/\/ferrovelhobatista.com.br\/wp-content\/uploads\/2021\/11\/ferro_velho_batista23.jpg\" alt=\"ferro_velho_batista23\" \/><\/figure><\/div><div class=\"swiper-slide\"><figure class=\"swiper-slide-inner\"><img decoding=\"async\" class=\"swiper-slide-image\" src=\"https:\/\/ferrovelhobatista.com.br\/wp-content\/uploads\/2021\/11\/ferro_velho_batista17.jpg\" alt=\"ferro_velho_batista17\" \/><\/figure><\/div><div class=\"swiper-slide\"><figure class=\"swiper-slide-inner\"><img decoding=\"async\" class=\"swiper-slide-image\" src=\"https:\/\/ferrovelhobatista.com.br\/wp-content\/uploads\/2021\/11\/ferro_velho_batista4.jpg\" alt=\"ferro_velho_batista4\" \/><\/figure><\/div><div class=\"swiper-slide\"><figure class=\"swiper-slide-inner\"><img decoding=\"async\" class=\"swiper-slide-image\" src=\"https:\/\/ferrovelhobatista.com.br\/wp-content\/uploads\/2021\/11\/ferro_velho_batista20.jpg\" alt=\"ferro_velho_batista20\" \/><\/figure><\/div><div class=\"swiper-slide\"><figure class=\"swiper-slide-inner\"><img decoding=\"async\" class=\"swiper-slide-image\" src=\"https:\/\/ferrovelhobatista.com.br\/wp-content\/uploads\/2021\/11\/ferro_velho_batista24.jpg\" alt=\"ferro_velho_batista24\" \/><\/figure><\/div><div class=\"swiper-slide\"><figure class=\"swiper-slide-inner\"><img decoding=\"async\" class=\"swiper-slide-image\" src=\"https:\/\/ferrovelhobatista.com.br\/wp-content\/uploads\/2021\/11\/ferro_velho_batista5.jpg\" alt=\"ferro_velho_batista5\" \/><\/figure><\/div><div class=\"swiper-slide\"><figure class=\"swiper-slide-inner\"><img decoding=\"async\" class=\"swiper-slide-image\" src=\"https:\/\/ferrovelhobatista.com.br\/wp-content\/uploads\/2021\/11\/ferro_velho_batista21-1.jpg\" alt=\"ferro_velho_batista21\" \/><\/figure><\/div><div class=\"swiper-slide\"><figure class=\"swiper-slide-inner\"><img decoding=\"async\" class=\"swiper-slide-image\" src=\"https:\/\/ferrovelhobatista.com.br\/wp-content\/uploads\/2021\/11\/ferro_velho_batista22-1.jpg\" alt=\"ferro_velho_batista22\" \/><\/figure><\/div><div class=\"swiper-slide\"><figure class=\"swiper-slide-inner\"><img decoding=\"async\" class=\"swiper-slide-image\" src=\"https:\/\/ferrovelhobatista.com.br\/wp-content\/uploads\/2021\/11\/ferro_velho_batista8.jpg\" alt=\"ferro_velho_batista8\" \/><\/figure><\/div><div class=\"swiper-slide\"><figure class=\"swiper-slide-inner\"><img decoding=\"async\" class=\"swiper-slide-image\" src=\"https:\/\/ferrovelhobatista.com.br\/wp-content\/uploads\/2021\/11\/ferro_velho_batista25.jpg\" alt=\"ferro_velho_batista25\" \/><\/figure><\/div>\t\t\t<\/div>\n\t\t\t\t\t\t\t\t\t\t\t\t<div class=\"swiper-pagination\"><\/div>\n\t\t\t\t\t\t\t\t\t\t\t\t\t<div class=\"elementor-swiper-button elementor-swiper-button-prev\">\n\t\t\t\t\t\t<i class=\"eicon-chevron-left\" aria-hidden=\"true\"><\/i>\n\t\t\t\t\t\t<span class=\"elementor-screen-only\">Anterior<\/span>\n\t\t\t\t\t<\/div>\n\t\t\t\t\t<div class=\"elementor-swiper-button elementor-swiper-button-next\">\n\t\t\t\t\t\t<i class=\"eicon-chevron-right\" aria-hidden=\"true\"><\/i>\n\t\t\t\t\t\t<span class=\"elementor-screen-only\">Pr\u00f3ximo<\/span>\n\t\t\t\t\t<\/div>\n\t\t\t\t\t\t\t\t\t<\/div>\n\t\t\t\t<\/div>\n\t\t\t\t<\/div>\n\t\t\t\t\t<\/div>\n\t\t<\/div>\n\t\t\t\t\t\t\t<\/div>\n\t\t<\/section>\n\t\t\t\t<section class=\"elementor-section elementor-top-section elementor-element elementor-element-7b4c13b elementor-section-boxed elementor-section-height-default elementor-section-height-default\" data-id=\"7b4c13b\" data-element_type=\"section\">\n\t\t\t\t\t\t<div class=\"elementor-container elementor-column-gap-default\">\n\t\t\t\t\t<div class=\"elementor-column elementor-col-50 elementor-top-column elementor-element elementor-element-a81caba\" data-id=\"a81caba\" data-element_type=\"column\">\n\t\t\t<div class=\"elementor-widget-wrap elementor-element-populated\">\n\t\t\t\t\t\t\t\t<div class=\"elementor-element elementor-element-7cd28b7 elementor-widget elementor-widget-heading\" data-id=\"7cd28b7\" data-element_type=\"widget\" data-widget_type=\"heading.default\">\n\t\t\t\t<div class=\"elementor-widget-container\">\n\t\t\t<h4 class=\"elementor-heading-title elementor-size-default\">Sustentabilidade<\/h4>\t\t<\/div>\n\t\t\t\t<\/div>\n\t\t\t\t<div class=\"elementor-element elementor-element-a7e69ae elementor-widget elementor-widget-text-editor\" data-id=\"a7e69ae\" data-element_type=\"widget\" data-widget_type=\"text-editor.default\">\n\t\t\t\t<div class=\"elementor-widget-container\">\n\t\t\t\t\t\t\t<p>Preocupados com a necessidade da sociedade em preservar o meio ambiente e tentando contribuir para uma vida mais saud\u00e1vel e de maneira sustent\u00e1vel, com menos impactos visuais e ambientais, a empresa vem investindo na gest\u00e3o ambiental para o processo de reciclagem dos seguintes res\u00edduos:<br \/><strong>Res\u00edduos e sucata de ferro, <\/strong><b>Cantoneiras, campanas, chapas, vergalh\u00f5es e s<\/b><strong>ucatas met\u00e1licas em geral<\/strong><\/p>\t\t\t\t\t\t<\/div>\n\t\t\t\t<\/div>\n\t\t\t\t\t<\/div>\n\t\t<\/div>\n\t\t\t\t<div class=\"elementor-column elementor-col-50 elementor-top-column elementor-element elementor-element-c7bcff5\" data-id=\"c7bcff5\" data-element_type=\"column\">\n\t\t\t<div class=\"elementor-widget-wrap elementor-element-populated\">\n\t\t\t\t\t\t\t\t<div class=\"elementor-element elementor-element-42d1c87 elementor-widget elementor-widget-image\" data-id=\"42d1c87\" data-element_type=\"widget\" data-widget_type=\"image.default\">\n\t\t\t\t<div class=\"elementor-widget-container\">\n\t\t\t\t\t\t\t\t\t\t\t\t\t\t\t<img loading=\"lazy\" decoding=\"async\" width=\"626\" height=\"417\" src=\"https:\/\/ferrovelhobatista.com.br\/wp-content\/uploads\/2021\/11\/frascos.jpg\" class=\"attachment-large size-large\" alt=\"\" srcset=\"https:\/\/ferrovelhobatista.com.br\/wp-content\/uploads\/2021\/11\/frascos.jpg 626w, https:\/\/ferrovelhobatista.com.br\/wp-content\/uploads\/2021\/11\/frascos-300x200.jpg 300w\" sizes=\"auto, (max-width: 626px) 100vw, 626px\" \/>\t\t\t\t\t\t\t\t\t\t\t\t\t\t\t<\/div>\n\t\t\t\t<\/div>\n\t\t\t\t\t<\/div>\n\t\t<\/div>\n\t\t\t\t\t\t\t<\/div>\n\t\t<\/section>\n\t\t\t\t<section class=\"elementor-section elementor-top-section elementor-element elementor-element-fe51ae3 elementor-section-boxed elementor-section-height-default elementor-section-height-default\" data-id=\"fe51ae3\" data-element_type=\"section\" data-settings=\"{&quot;background_background&quot;:&quot;classic&quot;}\">\n\t\t\t\t\t\t\t<div class=\"elementor-background-overlay\"><\/div>\n\t\t\t\t\t\t\t<div class=\"elementor-container elementor-column-gap-default\">\n\t\t\t\t\t<div class=\"elementor-column elementor-col-100 elementor-top-column elementor-element elementor-element-0740311\" data-id=\"0740311\" data-element_type=\"column\">\n\t\t\t<div class=\"elementor-widget-wrap elementor-element-populated\">\n\t\t\t\t\t\t\t\t<div class=\"elementor-element elementor-element-edf9359 elementor-widget elementor-widget-testimonial\" data-id=\"edf9359\" data-element_type=\"widget\" data-widget_type=\"testimonial.default\">\n\t\t\t\t<div class=\"elementor-widget-container\">\n\t\t\t\t\t<div class=\"elementor-testimonial-wrapper\">\n\t\t\t\t\t\t\t<div class=\"elementor-testimonial-content\">Ser sustent\u00e1vel \u00e9 antes de mais nada ter em mente que precisamos diminuir e otimizar o consumo, descobrir novas utilidades ao que j\u00e1 consumimos e reciclar o que n\u00e3o tem mais serventia.\nS\u00f3 assim teremos uma base do que \u00e9 ser realmente sustent\u00e1vel.<\/div>\n\t\t\t\n\t\t\t\t\t\t<div class=\"elementor-testimonial-meta elementor-has-image elementor-testimonial-image-position-aside\">\n\t\t\t\t<div class=\"elementor-testimonial-meta-inner\">\n\t\t\t\t\t\t\t\t\t\t\t<div class=\"elementor-testimonial-image\">\n\t\t\t\t\t\t\t<img loading=\"lazy\" decoding=\"async\" width=\"300\" height=\"300\" src=\"https:\/\/ferrovelhobatista.com.br\/wp-content\/uploads\/2021\/11\/favicon-300x300.jpg\" class=\"attachment-medium size-medium\" alt=\"\" \/>\t\t\t\t\t\t<\/div>\n\t\t\t\t\t\n\t\t\t\t\t\t\t\t\t\t<div class=\"elementor-testimonial-details\">\n\t\t\t\t\t\t\t\t\t\t\t\t\t\t<div class=\"elementor-testimonial-name\">Ferro Velho Batista<\/div>\n\t\t\t\t\t\t\t\t\t\t\t\t\t\t\t\t\t\t\t<\/div>\n\t\t\t\t\t\t\t\t\t<\/div>\n\t\t\t<\/div>\n\t\t\t\t\t<\/div>\n\t\t\t\t<\/div>\n\t\t\t\t<\/div>\n\t\t\t\t\t<\/div>\n\t\t<\/div>\n\t\t\t\t\t\t\t<\/div>\n\t\t<\/section>\n\t\t\t\t\t\t<\/div>\n\t\t\t\t\t<\/div>\n\t\t","protected":false},"excerpt":{"rendered":"<p>Responsabilidade e credibilidade Nossa Hist\u00f3ria Desde 1970 Com mais de 50 anos de atividades em Londrina a Empresa Ferro Velho Batista Ltda \u00e9 uma das mais tradicionais na cidade. A empresa \u00e9 especializada em compras e vendas de produtos reciclados e atende todo o estado do Paran\u00e1. A empresa fundada em 1970 por Dulvar Batista,&#8230;<\/p>\n","protected":false},"author":1,"featured_media":0,"parent":0,"menu_order":0,"comment_status":"closed","ping_status":"closed","template":"","meta":{"om_disable_all_campaigns":false,"_monsterinsights_skip_tracking":false,"_monsterinsights_sitenote_active":false,"_monsterinsights_sitenote_note":"","_monsterinsights_sitenote_category":0,"kt_blocks_editor_width":"","_kad_post_transparent":"","_kad_post_title":"hide","_kad_post_layout":"fullwidth","_kad_post_sidebar_id":"","_kad_post_content_style":"unboxed","_kad_post_vertical_padding":"hide","_kad_post_feature":"hide","_kad_post_feature_position":"","_kad_post_header":false,"_kad_post_footer":false,"footnotes":""},"class_list":["post-492","page","type-page","status-publish","hentry"],"_links":{"self":[{"href":"https:\/\/ferrovelhobatista.com.br\/index.php\/wp-json\/wp\/v2\/pages\/492","targetHints":{"allow":["GET"]}}],"collection":[{"href":"https:\/\/ferrovelhobatista.com.br\/index.php\/wp-json\/wp\/v2\/pages"}],"about":[{"href":"https:\/\/ferrovelhobatista.com.br\/index.php\/wp-json\/wp\/v2\/types\/page"}],"author":[{"embeddable":true,"href":"https:\/\/ferrovelhobatista.com.br\/index.php\/wp-json\/wp\/v2\/users\/1"}],"replies":[{"embeddable":true,"href":"https:\/\/ferrovelhobatista.com.br\/index.php\/wp-json\/wp\/v2\/comments?post=492"}],"version-history":[{"count":44,"href":"https:\/\/ferrovelhobatista.com.br\/index.php\/wp-json\/wp\/v2\/pages\/492\/revisions"}],"predecessor-version":[{"id":1516,"href":"https:\/\/ferrovelhobatista.com.br\/index.php\/wp-json\/wp\/v2\/pages\/492\/revisions\/1516"}],"wp:attachment":[{"href":"https:\/\/ferrovelhobatista.com.br\/index.php\/wp-json\/wp\/v2\/media?parent=492"}],"curies":[{"name":"wp","href":"https:\/\/api.w.org\/{rel}","templated":true}]}}