{"id":857,"date":"2020-10-27T18:31:13","date_gmt":"2020-10-27T21:31:13","guid":{"rendered":"http:\/\/www.grafas.org\/demo02\/?page_id=857"},"modified":"2021-11-13T15:22:39","modified_gmt":"2021-11-13T18:22:39","slug":"frota","status":"publish","type":"page","link":"https:\/\/ferrovelhobatista.com.br\/index.php\/frota\/","title":{"rendered":"Frota"},"content":{"rendered":"\t\t<div data-elementor-type=\"wp-page\" data-elementor-id=\"857\" class=\"elementor elementor-857\" data-elementor-settings=\"[]\">\n\t\t\t\t\t\t\t<div class=\"elementor-section-wrap\">\n\t\t\t\t\t\t\t<section class=\"elementor-section elementor-top-section elementor-element elementor-element-447bb11 elementor-section-height-min-height elementor-section-items-bottom elementor-section-boxed elementor-section-height-default\" data-id=\"447bb11\" data-element_type=\"section\" data-settings=\"{&quot;background_background&quot;:&quot;classic&quot;}\">\n\t\t\t\t\t\t\t<div class=\"elementor-background-overlay\"><\/div>\n\t\t\t\t\t\t\t<div class=\"elementor-container elementor-column-gap-default\">\n\t\t\t\t\t<div class=\"elementor-column elementor-col-50 elementor-top-column elementor-element elementor-element-01b2a2e\" data-id=\"01b2a2e\" data-element_type=\"column\">\n\t\t\t<div class=\"elementor-widget-wrap elementor-element-populated\">\n\t\t\t\t\t\t\t\t<div class=\"elementor-element elementor-element-5cf34b4 elementor-widget elementor-widget-heading\" data-id=\"5cf34b4\" data-element_type=\"widget\" data-widget_type=\"heading.default\">\n\t\t\t\t<div class=\"elementor-widget-container\">\n\t\t\t<h2 class=\"elementor-heading-title elementor-size-default\">Transporte e Manuseio<\/h2>\t\t<\/div>\n\t\t\t\t<\/div>\n\t\t\t\t\t<\/div>\n\t\t<\/div>\n\t\t\t\t<div class=\"elementor-column elementor-col-50 elementor-top-column elementor-element elementor-element-71f47ea elementor-hidden-tablet elementor-hidden-phone\" data-id=\"71f47ea\" data-element_type=\"column\">\n\t\t\t<div class=\"elementor-widget-wrap\">\n\t\t\t\t\t\t\t\t\t<\/div>\n\t\t<\/div>\n\t\t\t\t\t\t\t<\/div>\n\t\t<\/section>\n\t\t\t\t<section class=\"elementor-section elementor-top-section elementor-element elementor-element-f4ff7ab elementor-section-boxed elementor-section-height-default elementor-section-height-default\" data-id=\"f4ff7ab\" data-element_type=\"section\">\n\t\t\t\t\t\t<div class=\"elementor-container elementor-column-gap-default\">\n\t\t\t\t\t<div class=\"elementor-column elementor-col-50 elementor-top-column elementor-element elementor-element-44539d7\" data-id=\"44539d7\" data-element_type=\"column\">\n\t\t\t<div class=\"elementor-widget-wrap elementor-element-populated\">\n\t\t\t\t\t\t\t\t<div class=\"elementor-element elementor-element-f7a050b elementor-widget elementor-widget-text-editor\" data-id=\"f7a050b\" data-element_type=\"widget\" data-widget_type=\"text-editor.default\">\n\t\t\t\t<div class=\"elementor-widget-container\">\n\t\t\t\t\t\t\t<p>T\u00e3o importante quanto o descarte correto ou o armazenamento adequado dos res\u00edduos, sejam eles ferrosos ou n\u00e3o, est\u00e1 a log\u00edstica e transporte apropriado de forma segura desses elementos.<br \/>A frota de transporte e trabalho do Ferro Velho Batista, \u00e9 sem d\u00favida a melhor op\u00e7\u00e3o em manuseio e descarte seguro, pensando sempre no meio ambiente e no bem-estar de nossa popula\u00e7\u00e3o.<br \/>Caminh\u00f5es aparelhados e revisados constantemente, al\u00e9m de maquin\u00e1rio pr\u00f3prio para o trabalho s\u00e3o alguns dos fatores que fazem do ferro velho batista, ser refer\u00eancia no mercado de transporte e descarte de res\u00edduos.<br \/>Dessa forma, podemos viabilizar de maneira sistem\u00e1tica, a possibilidade de reutiliza\u00e7\u00e3o, ou transforma\u00e7\u00e3o de subprodutos. Gerando dessa forma novas receitas sustent\u00e1veis e diminuindo o consumo de forma consciente.<br \/>Transportar de maneira adequada \u00e9 sempre a melhor solu\u00e7\u00e3o para o inicio do bom neg\u00f3cio.<\/p>\t\t\t\t\t\t<\/div>\n\t\t\t\t<\/div>\n\t\t\t\t\t<\/div>\n\t\t<\/div>\n\t\t\t\t<div class=\"elementor-column elementor-col-50 elementor-top-column elementor-element elementor-element-6d4acba\" data-id=\"6d4acba\" data-element_type=\"column\" data-settings=\"{&quot;background_background&quot;:&quot;classic&quot;}\">\n\t\t\t<div class=\"elementor-widget-wrap elementor-element-populated\">\n\t\t\t\t\t<div class=\"elementor-background-overlay\"><\/div>\n\t\t\t\t\t\t\t\t<div class=\"elementor-element elementor-element-c2934f0 elementor-widget elementor-widget-image\" data-id=\"c2934f0\" data-element_type=\"widget\" data-widget_type=\"image.default\">\n\t\t\t\t<div class=\"elementor-widget-container\">\n\t\t\t\t\t\t\t\t\t\t\t\t\t\t\t<img loading=\"lazy\" decoding=\"async\" width=\"800\" height=\"534\" src=\"https:\/\/ferrovelhobatista.com.br\/wp-content\/uploads\/2021\/11\/ferro_velho_batista23.jpg\" class=\"attachment-large size-large\" alt=\"\" srcset=\"https:\/\/ferrovelhobatista.com.br\/wp-content\/uploads\/2021\/11\/ferro_velho_batista23.jpg 800w, https:\/\/ferrovelhobatista.com.br\/wp-content\/uploads\/2021\/11\/ferro_velho_batista23-300x200.jpg 300w, https:\/\/ferrovelhobatista.com.br\/wp-content\/uploads\/2021\/11\/ferro_velho_batista23-768x513.jpg 768w, https:\/\/ferrovelhobatista.com.br\/wp-content\/uploads\/2021\/11\/ferro_velho_batista23-700x467.jpg 700w\" sizes=\"auto, (max-width: 800px) 100vw, 800px\" \/>\t\t\t\t\t\t\t\t\t\t\t\t\t\t\t<\/div>\n\t\t\t\t<\/div>\n\t\t\t\t<div class=\"elementor-element elementor-element-5b30ed6 elementor-widget elementor-widget-heading\" data-id=\"5b30ed6\" data-element_type=\"widget\" data-widget_type=\"heading.default\">\n\t\t\t\t<div class=\"elementor-widget-container\">\n\t\t\t<h1 class=\"elementor-heading-title elementor-size-default\">FROTA<\/h1>\t\t<\/div>\n\t\t\t\t<\/div>\n\t\t\t\t<div class=\"elementor-element elementor-element-aeb6fc4 elementor-widget-divider--view-line elementor-widget elementor-widget-divider\" data-id=\"aeb6fc4\" data-element_type=\"widget\" data-widget_type=\"divider.default\">\n\t\t\t\t<div class=\"elementor-widget-container\">\n\t\t\t\t\t<div class=\"elementor-divider\">\n\t\t\t<span class=\"elementor-divider-separator\">\n\t\t\t\t\t\t<\/span>\n\t\t<\/div>\n\t\t\t\t<\/div>\n\t\t\t\t<\/div>\n\t\t\t\t<div class=\"elementor-element elementor-element-a68b8d7 elementor-widget elementor-widget-counter\" data-id=\"a68b8d7\" data-element_type=\"widget\" data-widget_type=\"counter.default\">\n\t\t\t\t<div class=\"elementor-widget-container\">\n\t\t\t\t\t<div class=\"elementor-counter\">\n\t\t\t<div class=\"elementor-counter-number-wrapper\">\n\t\t\t\t<span class=\"elementor-counter-number-prefix\"><\/span>\n\t\t\t\t<span class=\"elementor-counter-number\" data-duration=\"2000\" data-to-value=\"100\" data-from-value=\"0\" data-delimiter=\",\">0<\/span>\n\t\t\t\t<span class=\"elementor-counter-number-suffix\"><\/span>\n\t\t\t<\/div>\n\t\t\t\t\t\t\t<div class=\"elementor-counter-title\">% EFICIENTE<\/div>\n\t\t\t\t\t<\/div>\n\t\t\t\t<\/div>\n\t\t\t\t<\/div>\n\t\t\t\t\t<\/div>\n\t\t<\/div>\n\t\t\t\t\t\t\t<\/div>\n\t\t<\/section>\n\t\t\t\t<section class=\"elementor-section elementor-top-section elementor-element elementor-element-b3021c3 elementor-hidden-tablet elementor-hidden-phone elementor-section-boxed elementor-section-height-default elementor-section-height-default\" data-id=\"b3021c3\" data-element_type=\"section\">\n\t\t\t\t\t\t<div class=\"elementor-container elementor-column-gap-default\">\n\t\t\t\t\t<div class=\"elementor-column elementor-col-100 elementor-top-column elementor-element elementor-element-d4bc66c\" data-id=\"d4bc66c\" data-element_type=\"column\">\n\t\t\t<div class=\"elementor-widget-wrap elementor-element-populated\">\n\t\t\t\t\t\t\t\t<div class=\"elementor-element elementor-element-de3e326 elementor-widget-divider--view-line elementor-widget elementor-widget-divider\" data-id=\"de3e326\" data-element_type=\"widget\" data-widget_type=\"divider.default\">\n\t\t\t\t<div class=\"elementor-widget-container\">\n\t\t\t\t\t<div class=\"elementor-divider\">\n\t\t\t<span class=\"elementor-divider-separator\">\n\t\t\t\t\t\t<\/span>\n\t\t<\/div>\n\t\t\t\t<\/div>\n\t\t\t\t<\/div>\n\t\t\t\t<div class=\"elementor-element elementor-element-fe623cb elementor-widget elementor-widget-image-gallery\" data-id=\"fe623cb\" data-element_type=\"widget\" data-widget_type=\"image-gallery.default\">\n\t\t\t\t<div class=\"elementor-widget-container\">\n\t\t\t\t\t<div class=\"elementor-image-gallery\">\n\t\t\t<div id='gallery-1' class='gallery galleryid-857 gallery-columns-5 gallery-size-thumbnail'><figure class='gallery-item'>\n\t\t\t<div class='gallery-icon landscape'>\n\t\t\t\t<a data-elementor-open-lightbox=\"yes\" data-elementor-lightbox-slideshow=\"fe623cb\" data-elementor-lightbox-title=\"ferro_velho_batista25\" href='https:\/\/ferrovelhobatista.com.br\/wp-content\/uploads\/2021\/11\/ferro_velho_batista25.jpg'><img loading=\"lazy\" decoding=\"async\" width=\"150\" height=\"150\" src=\"https:\/\/ferrovelhobatista.com.br\/wp-content\/uploads\/2021\/11\/ferro_velho_batista25-150x150.jpg\" class=\"attachment-thumbnail size-thumbnail\" alt=\"\" srcset=\"https:\/\/ferrovelhobatista.com.br\/wp-content\/uploads\/2021\/11\/ferro_velho_batista25-150x150.jpg 150w, https:\/\/ferrovelhobatista.com.br\/wp-content\/uploads\/2021\/11\/ferro_velho_batista25-100x100.jpg 100w\" sizes=\"auto, (max-width: 150px) 100vw, 150px\" \/><\/a>\n\t\t\t<\/div><\/figure><figure class='gallery-item'>\n\t\t\t<div class='gallery-icon landscape'>\n\t\t\t\t<a data-elementor-open-lightbox=\"yes\" data-elementor-lightbox-slideshow=\"fe623cb\" data-elementor-lightbox-title=\"ferro_velho_batista24\" href='https:\/\/ferrovelhobatista.com.br\/wp-content\/uploads\/2021\/11\/ferro_velho_batista24.jpg'><img loading=\"lazy\" decoding=\"async\" width=\"150\" height=\"150\" src=\"https:\/\/ferrovelhobatista.com.br\/wp-content\/uploads\/2021\/11\/ferro_velho_batista24-150x150.jpg\" class=\"attachment-thumbnail size-thumbnail\" alt=\"\" srcset=\"https:\/\/ferrovelhobatista.com.br\/wp-content\/uploads\/2021\/11\/ferro_velho_batista24-150x150.jpg 150w, https:\/\/ferrovelhobatista.com.br\/wp-content\/uploads\/2021\/11\/ferro_velho_batista24-100x100.jpg 100w\" sizes=\"auto, (max-width: 150px) 100vw, 150px\" \/><\/a>\n\t\t\t<\/div><\/figure><figure class='gallery-item'>\n\t\t\t<div class='gallery-icon landscape'>\n\t\t\t\t<a data-elementor-open-lightbox=\"yes\" data-elementor-lightbox-slideshow=\"fe623cb\" data-elementor-lightbox-title=\"ferro_velho_batista23\" href='https:\/\/ferrovelhobatista.com.br\/wp-content\/uploads\/2021\/11\/ferro_velho_batista23.jpg'><img loading=\"lazy\" decoding=\"async\" width=\"150\" height=\"150\" src=\"https:\/\/ferrovelhobatista.com.br\/wp-content\/uploads\/2021\/11\/ferro_velho_batista23-150x150.jpg\" class=\"attachment-thumbnail size-thumbnail\" alt=\"\" srcset=\"https:\/\/ferrovelhobatista.com.br\/wp-content\/uploads\/2021\/11\/ferro_velho_batista23-150x150.jpg 150w, https:\/\/ferrovelhobatista.com.br\/wp-content\/uploads\/2021\/11\/ferro_velho_batista23-100x100.jpg 100w\" sizes=\"auto, (max-width: 150px) 100vw, 150px\" \/><\/a>\n\t\t\t<\/div><\/figure><figure class='gallery-item'>\n\t\t\t<div class='gallery-icon landscape'>\n\t\t\t\t<a data-elementor-open-lightbox=\"yes\" data-elementor-lightbox-slideshow=\"fe623cb\" data-elementor-lightbox-title=\"banner-ferro-velho-batista-3\" href='https:\/\/ferrovelhobatista.com.br\/wp-content\/uploads\/2021\/11\/banner-ferro-velho-batista-3.jpg'><img loading=\"lazy\" decoding=\"async\" width=\"150\" height=\"150\" src=\"https:\/\/ferrovelhobatista.com.br\/wp-content\/uploads\/2021\/11\/banner-ferro-velho-batista-3-150x150.jpg\" class=\"attachment-thumbnail size-thumbnail\" alt=\"\" srcset=\"https:\/\/ferrovelhobatista.com.br\/wp-content\/uploads\/2021\/11\/banner-ferro-velho-batista-3-150x150.jpg 150w, https:\/\/ferrovelhobatista.com.br\/wp-content\/uploads\/2021\/11\/banner-ferro-velho-batista-3-300x300.jpg 300w, https:\/\/ferrovelhobatista.com.br\/wp-content\/uploads\/2021\/11\/banner-ferro-velho-batista-3-768x768.jpg 768w, https:\/\/ferrovelhobatista.com.br\/wp-content\/uploads\/2021\/11\/banner-ferro-velho-batista-3.jpg 800w, https:\/\/ferrovelhobatista.com.br\/wp-content\/uploads\/2021\/11\/banner-ferro-velho-batista-3-700x700.jpg 700w, https:\/\/ferrovelhobatista.com.br\/wp-content\/uploads\/2021\/11\/banner-ferro-velho-batista-3-100x100.jpg 100w\" sizes=\"auto, (max-width: 150px) 100vw, 150px\" \/><\/a>\n\t\t\t<\/div><\/figure><figure class='gallery-item'>\n\t\t\t<div class='gallery-icon landscape'>\n\t\t\t\t<a data-elementor-open-lightbox=\"yes\" data-elementor-lightbox-slideshow=\"fe623cb\" data-elementor-lightbox-title=\"banner-ferro-velho-batista-2\" href='https:\/\/ferrovelhobatista.com.br\/wp-content\/uploads\/2021\/11\/banner-ferro-velho-batista-2.jpg'><img loading=\"lazy\" decoding=\"async\" width=\"150\" height=\"150\" src=\"https:\/\/ferrovelhobatista.com.br\/wp-content\/uploads\/2021\/11\/banner-ferro-velho-batista-2-150x150.jpg\" class=\"attachment-thumbnail size-thumbnail\" alt=\"\" srcset=\"https:\/\/ferrovelhobatista.com.br\/wp-content\/uploads\/2021\/11\/banner-ferro-velho-batista-2-150x150.jpg 150w, https:\/\/ferrovelhobatista.com.br\/wp-content\/uploads\/2021\/11\/banner-ferro-velho-batista-2-100x100.jpg 100w\" sizes=\"auto, (max-width: 150px) 100vw, 150px\" \/><\/a>\n\t\t\t<\/div><\/figure>\n\t\t<\/div>\n\t\t<\/div>\n\t\t\t\t<\/div>\n\t\t\t\t<\/div>\n\t\t\t\t\t<\/div>\n\t\t<\/div>\n\t\t\t\t\t\t\t<\/div>\n\t\t<\/section>\n\t\t\t\t\t\t<\/div>\n\t\t\t\t\t<\/div>\n\t\t","protected":false},"excerpt":{"rendered":"<p>Transporte e Manuseio T\u00e3o importante quanto o descarte correto ou o armazenamento adequado dos res\u00edduos, sejam eles ferrosos ou n\u00e3o, est\u00e1 a log\u00edstica e transporte apropriado de forma segura desses elementos.A frota de transporte e trabalho do Ferro Velho Batista, \u00e9 sem d\u00favida a melhor op\u00e7\u00e3o em manuseio e descarte seguro, pensando sempre no meio&#8230;<\/p>\n","protected":false},"author":1,"featured_media":0,"parent":0,"menu_order":0,"comment_status":"closed","ping_status":"closed","template":"","meta":{"om_disable_all_campaigns":false,"_monsterinsights_skip_tracking":false,"_monsterinsights_sitenote_active":false,"_monsterinsights_sitenote_note":"","_monsterinsights_sitenote_category":0,"kt_blocks_editor_width":"","_kad_post_transparent":"","_kad_post_title":"hide","_kad_post_layout":"fullwidth","_kad_post_sidebar_id":"","_kad_post_content_style":"unboxed","_kad_post_vertical_padding":"hide","_kad_post_feature":"hide","_kad_post_feature_position":"","_kad_post_header":false,"_kad_post_footer":false,"footnotes":""},"class_list":["post-857","page","type-page","status-publish","hentry"],"_links":{"self":[{"href":"https:\/\/ferrovelhobatista.com.br\/index.php\/wp-json\/wp\/v2\/pages\/857","targetHints":{"allow":["GET"]}}],"collection":[{"href":"https:\/\/ferrovelhobatista.com.br\/index.php\/wp-json\/wp\/v2\/pages"}],"about":[{"href":"https:\/\/ferrovelhobatista.com.br\/index.php\/wp-json\/wp\/v2\/types\/page"}],"author":[{"embeddable":true,"href":"https:\/\/ferrovelhobatista.com.br\/index.php\/wp-json\/wp\/v2\/users\/1"}],"replies":[{"embeddable":true,"href":"https:\/\/ferrovelhobatista.com.br\/index.php\/wp-json\/wp\/v2\/comments?post=857"}],"version-history":[{"count":20,"href":"https:\/\/ferrovelhobatista.com.br\/index.php\/wp-json\/wp\/v2\/pages\/857\/revisions"}],"predecessor-version":[{"id":1423,"href":"https:\/\/ferrovelhobatista.com.br\/index.php\/wp-json\/wp\/v2\/pages\/857\/revisions\/1423"}],"wp:attachment":[{"href":"https:\/\/ferrovelhobatista.com.br\/index.php\/wp-json\/wp\/v2\/media?parent=857"}],"curies":[{"name":"wp","href":"https:\/\/api.w.org\/{rel}","templated":true}]}}